{"id":18759,"date":"2025-10-16T21:28:40","date_gmt":"2025-10-16T19:28:40","guid":{"rendered":"https:\/\/staging25.uvi-staging-2025.gvatec.ch\/nos-produits\/omnicure-plc1000\/"},"modified":"2025-10-22T13:22:02","modified_gmt":"2025-10-22T11:22:02","slug":"omnicure-plc1000","status":"publish","type":"product","link":"https:\/\/staging25.uvi-staging-2025.gvatec.ch\/de\/nos-produits\/omnicure-plc1000\/","title":{"rendered":"OmniCure PLC1000"},"content":{"rendered":"<p>Der OmniCure PLC1000 ist ein manueller Controller f\u00fcr die OmniCure AC-Serie von Hochleistungs-LED-UV-Aush\u00e4rtungssystemen. Angeschlossen an eine Lampe der OmniCure UV LED AC-Serie erm\u00f6glicht dieser vielseitige Controller die intelligente Verwaltung, \u00dcberwachung und Steuerung eines Moduls.<x id=\"gid_0\"><\/x>Der PLC1000 kann zur dynamischen Anpassung der Ausgangsintensit\u00e4t, der Belichtungszeit und der Ein-\/Aus-Steuerung verwendet werden und liefert gleichzeitig Informationen \u00fcber das Modul und Fehler. Mit der Flexibilit\u00e4t des PLC1000, lokal oder ferngesteuert \u00fcber ein automatisiertes System, ist der tragbare und kompakte PLC Controller gut geeignet f\u00fcr den Einsatz in Fertigungs-, Labor- und Forschungs- &amp; Entwicklungsumgebungen.  <\/p>\n","protected":false},"excerpt":{"rendered":"<p>Der OmniCure PLC1000 ist ein Produkt, das zur Erg\u00e4nzung der OmniCure AC-Serie von Hochleistungs-LED-UV-Aush\u00e4rtungssystemen entwickelt wurde. Wenn er an einen LED-UV-Kopf der OmniCure AC-Serie angeschlossen wird, erm\u00f6glicht dieser vielseitige externe Controller die sofortige F\u00e4higkeit, ein LED-System intelligent zu verwalten, zu \u00fcberwachen und zu steuern.<x id=\"gid_0\"><\/x>Der PLC1000 bietet eine un\u00fcbertroffene Kontrolle \u00fcber die OmniCure UV-LED-Lampensysteme und kann zur dynamischen Anpassung der Ausgangsintensit\u00e4t, der Belichtungszeit und der Ein-\/Ausschaltfunktionen verwendet werden, w\u00e4hrend er gleichzeitig Systeminformationen und Fehler\u00fcberwachung bietet. Mit der Flexibilit\u00e4t des PLC1000, lokal oder ferngesteuert \u00fcber ein automatisiertes System, ist der tragbare und kompakte PLC-Controller gut geeignet f\u00fcr den Einsatz in Fertigungs-, Labor- und Forschungs- &amp; Entwicklungsumgebungen.  <\/p>\n","protected":false},"featured_media":12416,"template":"","meta":{"_wp_rev_ctl_limit":""},"product_brand":[],"product_cat":[35],"product_tag":[],"class_list":{"0":"post-18759","1":"product","2":"type-product","3":"status-publish","4":"has-post-thumbnail","6":"product_cat-non-classifiee","8":"first","9":"instock","10":"shipping-taxable","11":"product-type-simple"},"_links":{"self":[{"href":"https:\/\/staging25.uvi-staging-2025.gvatec.ch\/de\/wp-json\/wp\/v2\/product\/18759","targetHints":{"allow":["GET"]}}],"collection":[{"href":"https:\/\/staging25.uvi-staging-2025.gvatec.ch\/de\/wp-json\/wp\/v2\/product"}],"about":[{"href":"https:\/\/staging25.uvi-staging-2025.gvatec.ch\/de\/wp-json\/wp\/v2\/types\/product"}],"version-history":[{"count":1,"href":"https:\/\/staging25.uvi-staging-2025.gvatec.ch\/de\/wp-json\/wp\/v2\/product\/18759\/revisions"}],"predecessor-version":[{"id":18761,"href":"https:\/\/staging25.uvi-staging-2025.gvatec.ch\/de\/wp-json\/wp\/v2\/product\/18759\/revisions\/18761"}],"wp:featuredmedia":[{"embeddable":true,"href":"https:\/\/staging25.uvi-staging-2025.gvatec.ch\/de\/wp-json\/wp\/v2\/media\/12416"}],"wp:attachment":[{"href":"https:\/\/staging25.uvi-staging-2025.gvatec.ch\/de\/wp-json\/wp\/v2\/media?parent=18759"}],"wp:term":[{"taxonomy":"product_brand","embeddable":true,"href":"https:\/\/staging25.uvi-staging-2025.gvatec.ch\/de\/wp-json\/wp\/v2\/product_brand?post=18759"},{"taxonomy":"product_cat","embeddable":true,"href":"https:\/\/staging25.uvi-staging-2025.gvatec.ch\/de\/wp-json\/wp\/v2\/product_cat?post=18759"},{"taxonomy":"product_tag","embeddable":true,"href":"https:\/\/staging25.uvi-staging-2025.gvatec.ch\/de\/wp-json\/wp\/v2\/product_tag?post=18759"}],"curies":[{"name":"wp","href":"https:\/\/api.w.org\/{rel}","templated":true}]}}