{"id":18730,"date":"2024-07-30T13:02:50","date_gmt":"2024-07-30T11:02:50","guid":{"rendered":"https:\/\/staging25.uvi-staging-2025.gvatec.ch\/nos-produits\/eit-powerpuck-ii-profiler\/"},"modified":"2025-10-22T13:21:58","modified_gmt":"2025-10-22T11:21:58","slug":"eit-powerpuck-ii-profiler","status":"publish","type":"product","link":"https:\/\/staging25.uvi-staging-2025.gvatec.ch\/de\/nos-produits\/eit-powerpuck-ii-profiler\/","title":{"rendered":"EIT &#8211; PowerPuck II Profiler"},"content":{"rendered":"<p>Der Profiler<br \/>\nDie Funktion erm\u00f6glicht die \u00dcbertragung der numerischen Werte (Bestrahlungsst\u00e4rke, Energiedichte) und des Bestrahlungsprofils (Watt als<br \/>\nZeitfunktion) auf einen Computer \u00fcber einen USB-Anschluss f\u00fcr die Analyse mit der EIT 2.0 UV PowerView\u00ae<br \/>\nProgramm III Software.<\/p>\n<p>Eigenschaften des Instruments Puck Profiler :<br \/>\n&#8211; Profiler-Daten, die mit einer effektiven Abtastrate von 128 Hz (Samples\/Sekunde) gesammelt wurden.<br \/>\n&#8211; Anzeige der gesammelten Daten mit einer vom Benutzer einstellbaren effektiven Abtastrate von 25, 128 oder 2048 Hz (Samples\/Sekunde).<br \/>\n&#8211; Der Speicher unterst\u00fctzt eine Datensammlung von mehr als 100 Minuten.<br \/>\nDie EIT 2.0 Profiling-Einheiten identifizieren schnell und einfach :<br \/>\n&#8211; Die Anzahl der Lampen und die Leistung der einzelnen Lampen<br \/>\n&#8211; Bedingungen f\u00fcr die Fokussierung der Lampe und \u00c4nderungen der Fokussierung<br \/>\n&#8211; Der Typ der Gl\u00fchbirne (Power Puck II Vierband-Profiler)<br \/>\n&#8211; Gleichm\u00e4\u00dfiges UV-Licht \u00fcber die L\u00e4ngen\u00e4nderungen der Zwiebel<br \/>\nZeit f\u00fcr den Vergleich mit gespeicherten Dateien<br \/>\n&#8211; Schwankungen in der Geschwindigkeit des Prozesses und\/oder der Belichtungszeit<br \/>\n&#8211; Wartungsbedarf, bevor er sich auf das Produkt auswirkt<br \/>\nQualit\u00e4t<\/p>\n","protected":false},"excerpt":{"rendered":"<p>Der Profiler<br \/>\nDie Funktion erm\u00f6glicht die \u00dcbertragung der numerischen Werte (Bestrahlungsst\u00e4rke, Energiedichte) und des Bestrahlungsprofils (Watt als<br \/>\nZeitfunktion) auf einen Computer \u00fcber einen USB-Anschluss f\u00fcr die Analyse mit der EIT 2.0 UV PowerView\u00ae<br \/>\nProgramm III Software.<\/p>\n<p>Eigenschaften des Instruments Puck Profiler :<br \/>\n&#8211; Profiler-Daten, die mit einer effektiven Abtastrate von 128 Hz (Samples\/Sekunde) gesammelt wurden.<br \/>\n&#8211; Anzeige der gesammelten Daten mit einer vom Benutzer einstellbaren effektiven Abtastrate von 25, 128 oder 2048 Hz (Samples\/Sekunde).<br \/>\n&#8211; Der Speicher unterst\u00fctzt eine Datensammlung von mehr als 100 Minuten.<br \/>\nDie EIT 2.0 Profiling-Einheiten identifizieren schnell und einfach :<br \/>\n&#8211; Die Anzahl der Lampen und die Leistung der einzelnen Lampen<br \/>\n&#8211; Bedingungen f\u00fcr die Fokussierung der Lampe und \u00c4nderungen der Fokussierung<br \/>\n&#8211; Der Typ der Gl\u00fchbirne (Power Puck II Vierband-Profiler)<br \/>\n&#8211; Gleichm\u00e4\u00dfiges UV-Licht \u00fcber die L\u00e4ngen\u00e4nderungen der Zwiebel<br \/>\nZeit f\u00fcr den Vergleich mit gespeicherten Dateien<br \/>\n&#8211; Schwankungen in der Geschwindigkeit des Prozesses und\/oder der Belichtungszeit<br \/>\n&#8211; Wartungsbedarf, bevor er sich auf das Produkt auswirkt<br \/>\nQualit\u00e4t<\/p>\n","protected":false},"featured_media":11051,"template":"","meta":{"_wp_rev_ctl_limit":""},"product_brand":[],"product_cat":[35],"product_tag":[],"class_list":{"0":"post-18730","1":"product","2":"type-product","3":"status-publish","4":"has-post-thumbnail","6":"product_cat-non-classifiee","8":"first","9":"instock","10":"shipping-taxable","11":"product-type-simple"},"_links":{"self":[{"href":"https:\/\/staging25.uvi-staging-2025.gvatec.ch\/de\/wp-json\/wp\/v2\/product\/18730","targetHints":{"allow":["GET"]}}],"collection":[{"href":"https:\/\/staging25.uvi-staging-2025.gvatec.ch\/de\/wp-json\/wp\/v2\/product"}],"about":[{"href":"https:\/\/staging25.uvi-staging-2025.gvatec.ch\/de\/wp-json\/wp\/v2\/types\/product"}],"version-history":[{"count":1,"href":"https:\/\/staging25.uvi-staging-2025.gvatec.ch\/de\/wp-json\/wp\/v2\/product\/18730\/revisions"}],"predecessor-version":[{"id":18737,"href":"https:\/\/staging25.uvi-staging-2025.gvatec.ch\/de\/wp-json\/wp\/v2\/product\/18730\/revisions\/18737"}],"wp:featuredmedia":[{"embeddable":true,"href":"https:\/\/staging25.uvi-staging-2025.gvatec.ch\/de\/wp-json\/wp\/v2\/media\/11051"}],"wp:attachment":[{"href":"https:\/\/staging25.uvi-staging-2025.gvatec.ch\/de\/wp-json\/wp\/v2\/media?parent=18730"}],"wp:term":[{"taxonomy":"product_brand","embeddable":true,"href":"https:\/\/staging25.uvi-staging-2025.gvatec.ch\/de\/wp-json\/wp\/v2\/product_brand?post=18730"},{"taxonomy":"product_cat","embeddable":true,"href":"https:\/\/staging25.uvi-staging-2025.gvatec.ch\/de\/wp-json\/wp\/v2\/product_cat?post=18730"},{"taxonomy":"product_tag","embeddable":true,"href":"https:\/\/staging25.uvi-staging-2025.gvatec.ch\/de\/wp-json\/wp\/v2\/product_tag?post=18730"}],"curies":[{"name":"wp","href":"https:\/\/api.w.org\/{rel}","templated":true}]}}