{"id":18633,"date":"2024-08-06T11:22:21","date_gmt":"2024-08-06T09:22:21","guid":{"rendered":"https:\/\/staging25.uvi-staging-2025.gvatec.ch\/nos-produits\/omnicure-s2000-elite\/"},"modified":"2025-10-22T13:21:56","modified_gmt":"2025-10-22T11:21:56","slug":"omnicure-s2000-elite","status":"publish","type":"product","link":"https:\/\/staging25.uvi-staging-2025.gvatec.ch\/de\/nos-produits\/omnicure-s2000-elite\/","title":{"rendered":"OmniCure S2000 Elite"},"content":{"rendered":"<p>Der OmniCure\u00ae S2000 Elite ist ein UV-Spot der n\u00e4chsten Generation auf Basis von Systemlampen, der f\u00fcr die anspruchsvollsten Herstellungsanwendungen entworfen und entwickelt wurde. OmniCure S2000 Elite bietet h\u00f6chste Zuverl\u00e4ssigkeit und Qualit\u00e4t f\u00fcr die Aush\u00e4rtung von Klebstoffen und definiert die UV-Punktbehandlung mit erh\u00f6hter Produktivit\u00e4t, Pr\u00e4zision und Sicherheit neu. <\/p>\n<p>Mit einer leistungsstarken 200-Watt-Lampe mit einer garantierten Lebensdauer von 2000 Stunden bietet der OmniCure S2000 Elite auch unsere Closed-Loop-Feedback-Technologie, die das Ausgangslicht in Echtzeit \u00fcberwacht und automatisch die Lichtausbeute innerhalb von +\/- 5% korrigiert, um Konsistenz und reproduzierbare Prozesse zu gew\u00e4hrleisten. Der neue hochaufl\u00f6sende 4,3-Zoll-Touchscreen vereinfacht die Navigation und erleichtert die Bedienung und den Zugriff auf die Funktionen des Systems. Die brandneuen Funktionen von StepCure 2.0 mit 7 programmierbaren PLC-Ausgangskan\u00e4len bieten die Leistung f\u00fcr eine einfache Konfiguration. Behandlungsprofile f\u00fcr die fortschrittlichsten Arbeitsabl\u00e4ufe. In Kombination mit dem OmniCure R2000 Radiometer ist das OmniCure S2000 UV-Punktstrahler-System un\u00fcbertroffene Genauigkeit und Zuverl\u00e4ssigkeit.    <\/p>\n","protected":false},"excerpt":{"rendered":"<p>Der OmniCure\u00ae S2000 Elite ist ein UV-Spot der n\u00e4chsten Generation auf Basis von Systemlampen, der f\u00fcr die anspruchsvollsten Herstellungsanwendungen entworfen und entwickelt wurde. OmniCure S2000 Elite bietet h\u00f6chste Zuverl\u00e4ssigkeit und Qualit\u00e4t f\u00fcr die Aush\u00e4rtung von Klebstoffen und definiert die UV-Punktbehandlung mit erh\u00f6hter Produktivit\u00e4t, Pr\u00e4zision und Sicherheit neu. <\/p>\n<p>Mit einer leistungsstarken 200-Watt-Lampe mit einer garantierten Lebensdauer von 2000 Stunden bietet der OmniCure S2000 Elite auch unsere Closed-Loop-Feedback-Technologie, die das Ausgangslicht in Echtzeit \u00fcberwacht und automatisch die Lichtausbeute innerhalb von +\/- 5% korrigiert, um Konsistenz und reproduzierbare Prozesse zu gew\u00e4hrleisten. Der neue hochaufl\u00f6sende 4,3-Zoll-Touchscreen vereinfacht die Navigation und erleichtert die Bedienung und den Zugriff auf die Funktionen des Systems. Die brandneuen Funktionen von StepCure 2.0 mit 7 programmierbaren PLC-Ausgangskan\u00e4len bieten die Leistung, um Behandlungsprofile f\u00fcr die fortschrittlichsten Arbeitsabl\u00e4ufe einfach zu konfigurieren. In Kombination mit dem OmniCure R2000 Radiometer bietet das OmniCure S2000 UV-Punktstrahler-System un\u00fcbertroffene Genauigkeit und Zuverl\u00e4ssigkeit.   <\/p>\n","protected":false},"featured_media":244,"template":"","meta":{"_wp_rev_ctl_limit":""},"product_brand":[],"product_cat":[35],"product_tag":[],"class_list":{"0":"post-18633","1":"product","2":"type-product","3":"status-publish","4":"has-post-thumbnail","6":"product_cat-non-classifiee","8":"first","9":"instock","10":"shipping-taxable","11":"product-type-simple"},"_links":{"self":[{"href":"https:\/\/staging25.uvi-staging-2025.gvatec.ch\/de\/wp-json\/wp\/v2\/product\/18633","targetHints":{"allow":["GET"]}}],"collection":[{"href":"https:\/\/staging25.uvi-staging-2025.gvatec.ch\/de\/wp-json\/wp\/v2\/product"}],"about":[{"href":"https:\/\/staging25.uvi-staging-2025.gvatec.ch\/de\/wp-json\/wp\/v2\/types\/product"}],"version-history":[{"count":2,"href":"https:\/\/staging25.uvi-staging-2025.gvatec.ch\/de\/wp-json\/wp\/v2\/product\/18633\/revisions"}],"predecessor-version":[{"id":18727,"href":"https:\/\/staging25.uvi-staging-2025.gvatec.ch\/de\/wp-json\/wp\/v2\/product\/18633\/revisions\/18727"}],"wp:featuredmedia":[{"embeddable":true,"href":"https:\/\/staging25.uvi-staging-2025.gvatec.ch\/de\/wp-json\/wp\/v2\/media\/244"}],"wp:attachment":[{"href":"https:\/\/staging25.uvi-staging-2025.gvatec.ch\/de\/wp-json\/wp\/v2\/media?parent=18633"}],"wp:term":[{"taxonomy":"product_brand","embeddable":true,"href":"https:\/\/staging25.uvi-staging-2025.gvatec.ch\/de\/wp-json\/wp\/v2\/product_brand?post=18633"},{"taxonomy":"product_cat","embeddable":true,"href":"https:\/\/staging25.uvi-staging-2025.gvatec.ch\/de\/wp-json\/wp\/v2\/product_cat?post=18633"},{"taxonomy":"product_tag","embeddable":true,"href":"https:\/\/staging25.uvi-staging-2025.gvatec.ch\/de\/wp-json\/wp\/v2\/product_tag?post=18633"}],"curies":[{"name":"wp","href":"https:\/\/api.w.org\/{rel}","templated":true}]}}