{"id":18632,"date":"2024-08-06T13:31:35","date_gmt":"2024-08-06T11:31:35","guid":{"rendered":"https:\/\/staging25.uvi-staging-2025.gvatec.ch\/nos-produits\/omnicure-sc-ac-dc-netzteil\/"},"modified":"2025-10-23T07:08:23","modified_gmt":"2025-10-23T05:08:23","slug":"omnicure-sc-ac-dc-netzteil","status":"publish","type":"product","link":"https:\/\/staging25.uvi-staging-2025.gvatec.ch\/de\/nos-produits\/omnicure-sc-ac-dc-netzteil\/","title":{"rendered":"OmniCure SC AC\/DC-Netzteil"},"content":{"rendered":"<p>Die OmniCure SC System-Controller wurden speziell f\u00fcr die OmniCure AC UV-Serie, LED-H\u00e4rtungsprodukte, entwickelt. Da sie mit Blick auf die Anwendungsflexibilit\u00e4t entwickelt wurden, k\u00f6nnen die Kunden den Systemcontroller ausw\u00e4hlen, der den Anforderungen ihrer speziellen Aush\u00e4rtungsanwendung am besten entspricht. Mit einem kleinen Formfaktor eignet sich der OmniCure SC0650 f\u00fcr viele Anwendungen mit einem einzigen LED-Kopf und einem Minimum an bestehenden Installationen.  <\/p>\n","protected":false},"excerpt":{"rendered":"<p>Die OmniCure SC System-Controller wurden speziell f\u00fcr die OmniCure AC UV-Serie, LED-H\u00e4rtungsprodukte, entwickelt. Da sie mit Blick auf die Anwendungsflexibilit\u00e4t entwickelt wurden, k\u00f6nnen die Kunden den Systemcontroller ausw\u00e4hlen, der den Anforderungen ihrer speziellen Aush\u00e4rtungsanwendung am besten entspricht. Mit einem kleinen Formfaktor eignet sich der OmniCure SC0650 f\u00fcr viele Anwendungen mit einem einzigen LED-Kopf und einem Minimum an bestehenden Installationen.  <\/p>\n","protected":false},"featured_media":13067,"template":"","meta":{"_wp_rev_ctl_limit":""},"product_brand":[],"product_cat":[199,202,159,158,160],"product_tag":[],"class_list":{"0":"post-18632","1":"product","2":"type-product","3":"status-publish","4":"has-post-thumbnail","6":"product_cat-durch-uv-leds","7":"product_cat-luftgekuhlter-uv-led-trockner","8":"product_cat-omnicure","9":"product_cat-uv-ausrustung","10":"product_cat-stromversorgung-fur-die-lampe","12":"first","13":"instock","14":"featured","15":"shipping-taxable","16":"product-type-simple"},"_links":{"self":[{"href":"https:\/\/staging25.uvi-staging-2025.gvatec.ch\/de\/wp-json\/wp\/v2\/product\/18632","targetHints":{"allow":["GET"]}}],"collection":[{"href":"https:\/\/staging25.uvi-staging-2025.gvatec.ch\/de\/wp-json\/wp\/v2\/product"}],"about":[{"href":"https:\/\/staging25.uvi-staging-2025.gvatec.ch\/de\/wp-json\/wp\/v2\/types\/product"}],"version-history":[{"count":1,"href":"https:\/\/staging25.uvi-staging-2025.gvatec.ch\/de\/wp-json\/wp\/v2\/product\/18632\/revisions"}],"predecessor-version":[{"id":18744,"href":"https:\/\/staging25.uvi-staging-2025.gvatec.ch\/de\/wp-json\/wp\/v2\/product\/18632\/revisions\/18744"}],"wp:featuredmedia":[{"embeddable":true,"href":"https:\/\/staging25.uvi-staging-2025.gvatec.ch\/de\/wp-json\/wp\/v2\/media\/13067"}],"wp:attachment":[{"href":"https:\/\/staging25.uvi-staging-2025.gvatec.ch\/de\/wp-json\/wp\/v2\/media?parent=18632"}],"wp:term":[{"taxonomy":"product_brand","embeddable":true,"href":"https:\/\/staging25.uvi-staging-2025.gvatec.ch\/de\/wp-json\/wp\/v2\/product_brand?post=18632"},{"taxonomy":"product_cat","embeddable":true,"href":"https:\/\/staging25.uvi-staging-2025.gvatec.ch\/de\/wp-json\/wp\/v2\/product_cat?post=18632"},{"taxonomy":"product_tag","embeddable":true,"href":"https:\/\/staging25.uvi-staging-2025.gvatec.ch\/de\/wp-json\/wp\/v2\/product_tag?post=18632"}],"curies":[{"name":"wp","href":"https:\/\/api.w.org\/{rel}","templated":true}]}}