{"id":355,"date":"2024-03-28T01:14:36","date_gmt":"2024-03-28T00:14:36","guid":{"rendered":"https:\/\/staging20.uvi-staging-2025.gvatec.ch\/ueber\/"},"modified":"2025-08-31T05:57:33","modified_gmt":"2025-08-31T03:57:33","slug":"ueber","status":"publish","type":"page","link":"https:\/\/staging25.uvi-staging-2025.gvatec.ch\/de\/ueber\/","title":{"rendered":"\u00dcber"},"content":{"rendered":"\t\t<div data-elementor-type=\"wp-page\" data-elementor-id=\"355\" class=\"elementor elementor-355 elementor-351\" data-elementor-post-type=\"page\">\n\t\t\t\t<div class=\"elementor-element elementor-element-c31fadc e-flex e-con-boxed e-con e-parent\" data-id=\"c31fadc\" data-element_type=\"container\" data-e-type=\"container\">\n\t\t\t\t\t<div class=\"e-con-inner\">\n\t\t\t\t<div class=\"elementor-element elementor-element-d19e8af elementor-widget elementor-widget-theme-post-title elementor-page-title elementor-widget-heading\" data-id=\"d19e8af\" data-element_type=\"widget\" data-e-type=\"widget\" data-widget_type=\"theme-post-title.default\">\n\t\t\t\t\t<h1 class=\"elementor-heading-title elementor-size-default\">\u00dcber<\/h1>\t\t\t\t<\/div>\n\t\t\t\t\t<\/div>\n\t\t\t\t<\/div>\n\t\t<div class=\"elementor-element elementor-element-98d53f1 e-flex e-con-boxed e-con e-parent\" data-id=\"98d53f1\" data-element_type=\"container\" data-e-type=\"container\">\n\t\t\t\t\t<div class=\"e-con-inner\">\n\t\t\t\t<div class=\"elementor-element elementor-element-f32e5de elementor-widget elementor-widget-spacer\" data-id=\"f32e5de\" data-element_type=\"widget\" data-e-type=\"widget\" data-widget_type=\"spacer.default\">\n\t\t\t\t\t\t\t<div class=\"elementor-spacer\">\n\t\t\t<div class=\"elementor-spacer-inner\"><\/div>\n\t\t<\/div>\n\t\t\t\t\t\t<\/div>\n\t\t\t\t\t<\/div>\n\t\t\t\t<\/div>\n\t\t<div class=\"elementor-element elementor-element-1703a4a e-grid e-con-full e-con e-parent\" data-id=\"1703a4a\" data-element_type=\"container\" data-e-type=\"container\">\n\t\t\t\t<div class=\"elementor-element elementor-element-995d296 elementor-widget elementor-widget-image\" data-id=\"995d296\" data-element_type=\"widget\" data-e-type=\"widget\" data-widget_type=\"image.default\">\n\t\t\t\t\t\t\t\t\t\t\t\t\t\t\t<img decoding=\"async\" src=\"https:\/\/staging25.uvi-staging-2025.gvatec.ch\/wp-content\/uploads\/2024\/05\/fds-2.png\" title=\"\" alt=\"\" loading=\"lazy\" \/>\t\t\t\t\t\t\t\t\t\t\t\t\t\t\t<\/div>\n\t\t\t\t<div class=\"elementor-element elementor-element-9f15d3b elementor-widget elementor-widget-image\" data-id=\"9f15d3b\" data-element_type=\"widget\" data-e-type=\"widget\" data-widget_type=\"image.default\">\n\t\t\t\t\t\t\t\t\t\t\t\t\t\t\t<img decoding=\"async\" src=\"https:\/\/staging25.uvi-staging-2025.gvatec.ch\/wp-content\/uploads\/2024\/03\/uv-industrie.png\" title=\"\" alt=\"Uv Industrie\" loading=\"lazy\" \/>\t\t\t\t\t\t\t\t\t\t\t\t\t\t\t<\/div>\n\t\t\t\t<\/div>\n\t\t<div class=\"elementor-element elementor-element-df99938 e-grid e-con-boxed e-con e-parent\" data-id=\"df99938\" data-element_type=\"container\" data-e-type=\"container\">\n\t\t\t\t\t<div class=\"e-con-inner\">\n\t\t\t\t<div class=\"elementor-element elementor-element-2b3a99a elementor-widget elementor-widget-spacer\" data-id=\"2b3a99a\" data-element_type=\"widget\" data-e-type=\"widget\" data-widget_type=\"spacer.default\">\n\t\t\t\t\t\t\t<div class=\"elementor-spacer\">\n\t\t\t<div class=\"elementor-spacer-inner\"><\/div>\n\t\t<\/div>\n\t\t\t\t\t\t<\/div>\n\t\t\t\t\t<\/div>\n\t\t\t\t<\/div>\n\t\t<div class=\"elementor-element elementor-element-ac48f00 e-grid e-con-full e-con e-parent\" data-id=\"ac48f00\" data-element_type=\"container\" data-e-type=\"container\">\n\t\t\t\t<div class=\"elementor-element elementor-element-2af7483a elementor-widget elementor-widget-text-editor\" data-id=\"2af7483a\" data-element_type=\"widget\" data-e-type=\"widget\" data-widget_type=\"text-editor.default\">\n\t\t\t\t\t\t\t\t\t<p>Diese Website uv-industrie.com ist Eigentum von Fast Drying Systems (FDS) SA.<\/p>\n<p>FDS ist ein Unternehmen, das sich auf die Polymerisation mit ultravioletter Strahlung (UV), Elektronenbeschuss (EB), Infrarot (IR) und Fluoreszenz spezialisiert hat.<\/p>\n<p><strong>Seit 1994<\/strong> entwickelt, produziert und vertreibt FDS Ultraviolett (UV)-Ger\u00e4te, die haupts\u00e4chlich f\u00fcr die Trocknung (Polymerisation) von Druckfarben und Lacken in der grafischen Industrie, in F&amp;E-Laboren, f\u00fcr Spezialanwendungen, in 2D oder 3D bestimmt sind.<\/p>\n<p>Seit 1995 vertreibt FDS UV-Messger\u00e4te der Marke EIT\u00ae und erg\u00e4nzt regelm\u00e4\u00dfig seine Partnerschafts- und Vertriebsvereinbarungen mit namhaften Anbietern aus der Welt der ultravioletten Strahlung.<\/p>\n<p>Heute vertreibt FDS :<\/p>\n<ul>\n<li>der&nbsp;punktuellen UV-Quellen&nbsp;OmniCure\u00ae , fr\u00fcher EXFO oder EFOS genannt,<\/li>\n<li>mehrere Produktreihen von Hochleistungs-UV-LED-Trocknern, darunter Phoseon\u00ae und OmniCure\u00ae.<\/li>\n<li>Hersteller von&nbsp;Radiometern und&nbsp;UV-Radiospektrometern wie EIT\u00ae, UV-Design, &#8230;<\/li>\n<li>Fluoreszenzausr\u00fcstungen f\u00fcr industrielle Kontrollanwendungen, Forensik oder f\u00fcr die Biowissenschaften,<\/li>\n<li>Beschleuniger f\u00fcr Labor- und Produktionselektronik.<\/li>\n<li>UV-Trockner f\u00fcr die Produktion oder f\u00fcr Labore,<\/li>\n<li>von UV-Filmen \/ \u00dcberwachungsb\u00e4ndern,<\/li>\n<li>Bogenlampen oder Lampen ohne Mitteldruckelektroden (Quecksilber oder dotiert),<\/li>\n<li>&nbsp;UV-Lampen&nbsp;Niederdruck,<\/li>\n<li>UV-Schutzbrillen und diverses Zubeh\u00f6r.<br><br><\/li>\n<\/ul>\n<p>Diese Liste ist nicht ersch\u00f6pfend.<\/p>\n<p>Langfristig soll&nbsp;www.uv-industrie.com&nbsp;ein anerkannter Akteur auf dem Markt f\u00fcr ultraviolette Strahlung sein, der objektive Ratschl\u00e4ge erteilt und L\u00f6sungen f\u00fcr Ihre spezifischen Anforderungen in diesem hochspezialisierten Markt anbietet.<\/p>\t\t\t\t\t\t\t\t<\/div>\n\t\t\t\t<\/div>\n\t\t<div class=\"elementor-element elementor-element-5df99c2 e-flex e-con-boxed e-con e-parent\" data-id=\"5df99c2\" data-element_type=\"container\" data-e-type=\"container\">\n\t\t\t\t\t<div class=\"e-con-inner\">\n\t\t\t\t\t<\/div>\n\t\t\t\t<\/div>\n\t\t\t\t<\/div>\n\t\t","protected":false},"excerpt":{"rendered":"<p>Diese Website uv-industrie.com ist Eigentum von Fast Drying Systems (FDS) SA. FDS ist ein Unternehmen, das sich auf die Polymerisation mit ultravioletter Strahlung (UV), Elektronenbeschuss (EB), Infrarot (IR) und Fluoreszenz spezialisiert hat. Seit 1994 entwickelt, produziert und vertreibt FDS Ultraviolett (UV)-Ger\u00e4te, die haupts\u00e4chlich f\u00fcr die Trocknung (Polymerisation) von Druckfarben und Lacken in der grafischen Industrie, [&hellip;]<\/p>\n","protected":false},"author":1,"featured_media":0,"parent":0,"menu_order":0,"comment_status":"closed","ping_status":"open","template":"","meta":{"footnotes":"","_wp_rev_ctl_limit":""},"class_list":["post-355","page","type-page","status-publish","hentry"],"_links":{"self":[{"href":"https:\/\/staging25.uvi-staging-2025.gvatec.ch\/de\/wp-json\/wp\/v2\/pages\/355","targetHints":{"allow":["GET"]}}],"collection":[{"href":"https:\/\/staging25.uvi-staging-2025.gvatec.ch\/de\/wp-json\/wp\/v2\/pages"}],"about":[{"href":"https:\/\/staging25.uvi-staging-2025.gvatec.ch\/de\/wp-json\/wp\/v2\/types\/page"}],"author":[{"embeddable":true,"href":"https:\/\/staging25.uvi-staging-2025.gvatec.ch\/de\/wp-json\/wp\/v2\/users\/1"}],"replies":[{"embeddable":true,"href":"https:\/\/staging25.uvi-staging-2025.gvatec.ch\/de\/wp-json\/wp\/v2\/comments?post=355"}],"version-history":[{"count":6,"href":"https:\/\/staging25.uvi-staging-2025.gvatec.ch\/de\/wp-json\/wp\/v2\/pages\/355\/revisions"}],"predecessor-version":[{"id":16127,"href":"https:\/\/staging25.uvi-staging-2025.gvatec.ch\/de\/wp-json\/wp\/v2\/pages\/355\/revisions\/16127"}],"wp:attachment":[{"href":"https:\/\/staging25.uvi-staging-2025.gvatec.ch\/de\/wp-json\/wp\/v2\/media?parent=355"}],"curies":[{"name":"wp","href":"https:\/\/api.w.org\/{rel}","templated":true}]}}