{"id":18363,"date":"2024-04-30T14:12:49","date_gmt":"2024-04-30T12:12:49","guid":{"rendered":"https:\/\/staging25.uvi-staging-2025.gvatec.ch\/andere\/"},"modified":"2025-10-28T18:15:19","modified_gmt":"2025-10-28T17:15:19","slug":"andere","status":"publish","type":"page","link":"https:\/\/staging25.uvi-staging-2025.gvatec.ch\/de\/andere\/","title":{"rendered":"Andere Spektren"},"content":{"rendered":"\t\t<div data-elementor-type=\"wp-page\" data-elementor-id=\"18363\" class=\"elementor elementor-18363 elementor-10593\" data-elementor-post-type=\"page\">\n\t\t\t\t<div class=\"elementor-element elementor-element-6439581 e-flex e-con-boxed e-con e-parent\" data-id=\"6439581\" data-element_type=\"container\" data-e-type=\"container\">\n\t\t\t\t\t<div class=\"e-con-inner\">\n\t\t\t\t<div class=\"elementor-element elementor-element-71a1720 elementor-widget elementor-widget-spacer\" data-id=\"71a1720\" data-element_type=\"widget\" data-e-type=\"widget\" data-widget_type=\"spacer.default\">\n\t\t\t\t\t\t\t<div class=\"elementor-spacer\">\n\t\t\t<div class=\"elementor-spacer-inner\"><\/div>\n\t\t<\/div>\n\t\t\t\t\t\t<\/div>\n\t\t\t\t<div class=\"elementor-element elementor-element-ffd14a0 elementor-widget elementor-widget-heading\" data-id=\"ffd14a0\" data-element_type=\"widget\" data-e-type=\"widget\" data-widget_type=\"heading.default\">\n\t\t\t\t\t<h2 class=\"elementor-heading-title elementor-size-default\">Andere Spektren<\/h2>\t\t\t\t<\/div>\n\t\t\t\t<div class=\"elementor-element elementor-element-5a94662 elementor-widget elementor-widget-spacer\" data-id=\"5a94662\" data-element_type=\"widget\" data-e-type=\"widget\" data-widget_type=\"spacer.default\">\n\t\t\t\t\t\t\t<div class=\"elementor-spacer\">\n\t\t\t<div class=\"elementor-spacer-inner\"><\/div>\n\t\t<\/div>\n\t\t\t\t\t\t<\/div>\n\t\t\t\t\t<\/div>\n\t\t\t\t<\/div>\n\t\t<div class=\"elementor-element elementor-element-27fd084 e-flex e-con-boxed e-con e-parent\" data-id=\"27fd084\" data-element_type=\"container\" data-e-type=\"container\">\n\t\t\t\t\t<div class=\"e-con-inner\">\n\t\t\t\t<div class=\"elementor-element elementor-element-2d425cff elementor-widget elementor-widget-text-editor\" data-id=\"2d425cff\" data-element_type=\"widget\" data-e-type=\"widget\" data-widget_type=\"text-editor.default\">\n\t\t\t\t\t\t\t\t\t<p>Ultraviolette Strahlung erm\u00f6glicht u.a. auch die einfache Kontrolle der Entfernung von Klebstoffen und \u00d6l oder die Reinigung von Teilen durch Fluoreszenz.<\/p><p>Quecksilber-Niederdrucklampen oder UV-C-LEDs werden f\u00fcr die Dekontamination von Oberfl\u00e4chen, Wasser oder Luft verwendet.<\/p><p>Der Elektronenstrahl (EB) oder Elektronenbeschuss erm\u00f6glicht eine Polymerisation mit h\u00f6herer Energie, um gr\u00f6\u00dfere Schichten oder schneller zu polymerisieren, ohne dass Fotoinitiatoren in den Formulierungen ben\u00f6tigt werden.<\/p>\t\t\t\t\t\t\t\t<\/div>\n\t\t\t\t<div class=\"elementor-element elementor-element-7fb74ed elementor-widget elementor-widget-spacer\" data-id=\"7fb74ed\" data-element_type=\"widget\" data-e-type=\"widget\" data-widget_type=\"spacer.default\">\n\t\t\t\t\t\t\t<div class=\"elementor-spacer\">\n\t\t\t<div class=\"elementor-spacer-inner\"><\/div>\n\t\t<\/div>\n\t\t\t\t\t\t<\/div>\n\t\t\t\t<div class=\"elementor-element elementor-element-0f3b843 elementor-product-loop-item--align-center elementor-grid-4 elementor-grid-tablet-3 elementor-grid-mobile-2 elementor-products-grid elementor-wc-products elementor-widget elementor-widget-wc-categories\" data-id=\"0f3b843\" data-element_type=\"widget\" data-e-type=\"widget\" data-widget_type=\"wc-categories.default\">\n\t\t\t\t\t<div class=\"woocommerce columns-4\"><ul class=\"products elementor-grid columns-4\">\n<li class=\"product-category product first\">\n\t<a aria-label=\"Produktkategorie Fluoreszenz besuchen\" href=\"https:\/\/staging25.uvi-staging-2025.gvatec.ch\/de\/categorie-produit\/andere\/fluoreszenz\/\"><img fetchpriority=\"high\" decoding=\"async\" src=\"https:\/\/staging25.uvi-staging-2025.gvatec.ch\/wp-content\/uploads\/woocommerce-placeholder-300x180.png\" alt=\"Fluoreszenz\" width=\"300\" height=\"180\" \/>\t\t<h2 class=\"woocommerce-loop-category__title\">\n\t\t\tFluoreszenz <mark class=\"count\">(2)<\/mark>\t\t<\/h2>\n\t\t<\/a><\/li>\n<li class=\"product-category product\">\n\t<a aria-label=\"Produktkategorie Dekontamination besuchen\" href=\"https:\/\/staging25.uvi-staging-2025.gvatec.ch\/de\/categorie-produit\/andere\/dekontamination\/\"><img decoding=\"async\" src=\"https:\/\/staging25.uvi-staging-2025.gvatec.ch\/wp-content\/uploads\/woocommerce-placeholder-300x180.png\" alt=\"Dekontamination\" width=\"300\" height=\"180\" \/>\t\t<h2 class=\"woocommerce-loop-category__title\">\n\t\t\tDekontamination <mark class=\"count\">(2)<\/mark>\t\t<\/h2>\n\t\t<\/a><\/li>\n<li class=\"product-category product\">\n\t<a aria-label=\"Produktkategorie Electron Beam (EB) besuchen\" href=\"https:\/\/staging25.uvi-staging-2025.gvatec.ch\/de\/categorie-produit\/andere\/electron-beam-eb\/\"><img decoding=\"async\" src=\"https:\/\/staging25.uvi-staging-2025.gvatec.ch\/wp-content\/uploads\/woocommerce-placeholder-300x180.png\" alt=\"Electron Beam (EB)\" width=\"300\" height=\"180\" \/>\t\t<h2 class=\"woocommerce-loop-category__title\">\n\t\t\tElectron Beam (EB) <mark class=\"count\">(2)<\/mark>\t\t<\/h2>\n\t\t<\/a><\/li>\n<\/ul>\n<\/div>\t\t\t\t<\/div>\n\t\t<div class=\"elementor-element elementor-element-0e017b4 e-flex e-con-boxed e-con e-child\" data-id=\"0e017b4\" data-element_type=\"container\" data-e-type=\"container\">\n\t\t\t\t\t<div class=\"e-con-inner\">\n\t\t\t\t<div class=\"elementor-element elementor-element-ae51035 elementor-widget elementor-widget-spacer\" data-id=\"ae51035\" data-element_type=\"widget\" data-e-type=\"widget\" data-widget_type=\"spacer.default\">\n\t\t\t\t\t\t\t<div class=\"elementor-spacer\">\n\t\t\t<div class=\"elementor-spacer-inner\"><\/div>\n\t\t<\/div>\n\t\t\t\t\t\t<\/div>\n\t\t\t\t\t<\/div>\n\t\t\t\t<\/div>\n\t\t\t\t\t<\/div>\n\t\t\t\t<\/div>\n\t\t\t\t<\/div>\n\t\t","protected":false},"excerpt":{"rendered":"<p>Andere Spektren Ultraviolette Strahlung erm\u00f6glicht u.a. auch die einfache Kontrolle der Entfernung von Klebstoffen und \u00d6l oder die Reinigung von Teilen durch Fluoreszenz. Quecksilber-Niederdrucklampen oder UV-C-LEDs werden f\u00fcr die Dekontamination von Oberfl\u00e4chen, Wasser oder Luft verwendet. Der Elektronenstrahl (EB) oder Elektronenbeschuss erm\u00f6glicht eine Polymerisation mit h\u00f6herer Energie, um gr\u00f6\u00dfere Schichten oder schneller zu polymerisieren, ohne [&hellip;]<\/p>\n","protected":false},"author":1,"featured_media":0,"parent":0,"menu_order":0,"comment_status":"closed","ping_status":"open","template":"","meta":{"footnotes":"","_wp_rev_ctl_limit":""},"class_list":["post-18363","page","type-page","status-publish","hentry"],"_links":{"self":[{"href":"https:\/\/staging25.uvi-staging-2025.gvatec.ch\/de\/wp-json\/wp\/v2\/pages\/18363","targetHints":{"allow":["GET"]}}],"collection":[{"href":"https:\/\/staging25.uvi-staging-2025.gvatec.ch\/de\/wp-json\/wp\/v2\/pages"}],"about":[{"href":"https:\/\/staging25.uvi-staging-2025.gvatec.ch\/de\/wp-json\/wp\/v2\/types\/page"}],"author":[{"embeddable":true,"href":"https:\/\/staging25.uvi-staging-2025.gvatec.ch\/de\/wp-json\/wp\/v2\/users\/1"}],"replies":[{"embeddable":true,"href":"https:\/\/staging25.uvi-staging-2025.gvatec.ch\/de\/wp-json\/wp\/v2\/comments?post=18363"}],"version-history":[{"count":3,"href":"https:\/\/staging25.uvi-staging-2025.gvatec.ch\/de\/wp-json\/wp\/v2\/pages\/18363\/revisions"}],"predecessor-version":[{"id":18943,"href":"https:\/\/staging25.uvi-staging-2025.gvatec.ch\/de\/wp-json\/wp\/v2\/pages\/18363\/revisions\/18943"}],"wp:attachment":[{"href":"https:\/\/staging25.uvi-staging-2025.gvatec.ch\/de\/wp-json\/wp\/v2\/media?parent=18363"}],"curies":[{"name":"wp","href":"https:\/\/api.w.org\/{rel}","templated":true}]}}