{"id":18361,"date":"2024-04-30T13:52:26","date_gmt":"2024-04-30T11:52:26","guid":{"rendered":"https:\/\/staging25.uvi-staging-2025.gvatec.ch\/uv-messung\/"},"modified":"2025-10-28T18:15:19","modified_gmt":"2025-10-28T17:15:19","slug":"uv-messung","status":"publish","type":"page","link":"https:\/\/staging25.uvi-staging-2025.gvatec.ch\/de\/uv-messung\/","title":{"rendered":"UV-Messung"},"content":{"rendered":"\t\t<div data-elementor-type=\"wp-page\" data-elementor-id=\"18361\" class=\"elementor elementor-18361 elementor-10566\" data-elementor-post-type=\"page\">\n\t\t\t\t<div class=\"elementor-element elementor-element-6439581 e-flex e-con-boxed e-con e-parent\" data-id=\"6439581\" data-element_type=\"container\" data-e-type=\"container\">\n\t\t\t\t\t<div class=\"e-con-inner\">\n\t\t\t\t<div class=\"elementor-element elementor-element-bf2867d elementor-widget elementor-widget-spacer\" data-id=\"bf2867d\" data-element_type=\"widget\" data-e-type=\"widget\" data-widget_type=\"spacer.default\">\n\t\t\t\t\t\t\t<div class=\"elementor-spacer\">\n\t\t\t<div class=\"elementor-spacer-inner\"><\/div>\n\t\t<\/div>\n\t\t\t\t\t\t<\/div>\n\t\t\t\t<div class=\"elementor-element elementor-element-ffd14a0 elementor-widget elementor-widget-heading\" data-id=\"ffd14a0\" data-element_type=\"widget\" data-e-type=\"widget\" data-widget_type=\"heading.default\">\n\t\t\t\t\t<h2 class=\"elementor-heading-title elementor-size-default\">UV-Messung<\/h2>\t\t\t\t<\/div>\n\t\t\t\t<div class=\"elementor-element elementor-element-e0ce852 elementor-widget elementor-widget-spacer\" data-id=\"e0ce852\" data-element_type=\"widget\" data-e-type=\"widget\" data-widget_type=\"spacer.default\">\n\t\t\t\t\t\t\t<div class=\"elementor-spacer\">\n\t\t\t<div class=\"elementor-spacer-inner\"><\/div>\n\t\t<\/div>\n\t\t\t\t\t\t<\/div>\n\t\t\t\t\t<\/div>\n\t\t\t\t<\/div>\n\t\t<div class=\"elementor-element elementor-element-27fd084 e-flex e-con-boxed e-con e-parent\" data-id=\"27fd084\" data-element_type=\"container\" data-e-type=\"container\">\n\t\t\t\t\t<div class=\"e-con-inner\">\n\t\t\t\t<div class=\"elementor-element elementor-element-2d425cff elementor-widget elementor-widget-text-editor\" data-id=\"2d425cff\" data-element_type=\"widget\" data-e-type=\"widget\" data-widget_type=\"text-editor.default\">\n\t\t\t\t\t\t\t\t\t<p><span style=\"font-size: 1rem;\">Die von <strong>Mitteldrucklampen<\/strong> emittierte UV-Strahlung hat ein sehr breites Spektrum und muss mit Radiometern gemessen werden, die entweder f\u00fcr die Messung der gesamten UV-Strahlung oder f\u00fcr bestimmte Bereiche vorgesehen sind.<\/span><\/p><p><span style=\"font-size: 1rem;\"><strong>Niederdruck-Quecksilberlampen<\/strong> haben eine niedrigere Emissionsleistung, die empfindlichere Messger\u00e4te erfordert.<\/span><\/p><p>Diese Arten von Messger\u00e4ten finden Sie unter &#8222;Messung von UV-Lampen&#8220;.<\/p><p>Ger\u00e4te, die Strahlung mit Hilfe von<strong>UV-LEDs<\/strong> aussenden, emittieren auf sehr schmalen Wellenl\u00e4ngenspitzen von ca. +\/-5 nm. Sie finden diese Ger\u00e4te unter &#8222;UV-LED-Messung&#8220;. <\/p><p>Alle Radiometer haben eine <strong>Kalibrierungsg\u00fcltigkeitsdauer<\/strong> von 6 bis 12 Monaten.<\/p>\t\t\t\t\t\t\t\t<\/div>\n\t\t\t\t<div class=\"elementor-element elementor-element-532b8b0 elementor-widget elementor-widget-spacer\" data-id=\"532b8b0\" data-element_type=\"widget\" data-e-type=\"widget\" data-widget_type=\"spacer.default\">\n\t\t\t\t\t\t\t<div class=\"elementor-spacer\">\n\t\t\t<div class=\"elementor-spacer-inner\"><\/div>\n\t\t<\/div>\n\t\t\t\t\t\t<\/div>\n\t\t\t\t<div class=\"elementor-element elementor-element-7a4d159 elementor-grid-4 elementor-grid-tablet-3 elementor-grid-mobile-2 elementor-products-grid elementor-wc-products elementor-widget elementor-widget-wc-categories\" data-id=\"7a4d159\" data-element_type=\"widget\" data-e-type=\"widget\" data-widget_type=\"wc-categories.default\">\n\t\t\t\t\t<div class=\"woocommerce columns-4\"><ul class=\"products elementor-grid columns-4\">\n<li class=\"product-category product first\">\n\t<a aria-label=\"Produktkategorie UV-LED-Messung besuchen\" href=\"https:\/\/staging25.uvi-staging-2025.gvatec.ch\/de\/categorie-produit\/uv-messung\/uv-led-messung\/\"><img fetchpriority=\"high\" decoding=\"async\" src=\"https:\/\/staging25.uvi-staging-2025.gvatec.ch\/wp-content\/uploads\/woocommerce-placeholder-300x180.png\" alt=\"UV-LED-Messung\" width=\"300\" height=\"180\" \/>\t\t<h2 class=\"woocommerce-loop-category__title\">\n\t\t\tUV-LED-Messung <mark class=\"count\">(2)<\/mark>\t\t<\/h2>\n\t\t<\/a><\/li>\n<li class=\"product-category product\">\n\t<a aria-label=\"Produktkategorie Messung von UV-Lampen besuchen\" href=\"https:\/\/staging25.uvi-staging-2025.gvatec.ch\/de\/categorie-produit\/uv-messung\/messung-von-uv-lampen\/\"><img decoding=\"async\" src=\"https:\/\/staging25.uvi-staging-2025.gvatec.ch\/wp-content\/uploads\/woocommerce-placeholder-300x180.png\" alt=\"Messung von UV-Lampen\" width=\"300\" height=\"180\" \/>\t\t<h2 class=\"woocommerce-loop-category__title\">\n\t\t\tMessung von UV-Lampen <mark class=\"count\">(2)<\/mark>\t\t<\/h2>\n\t\t<\/a><\/li>\n<li class=\"product-category product\">\n\t<a aria-label=\"Produktkategorie J\u00e4hrliche Kalibrierung besuchen\" href=\"https:\/\/staging25.uvi-staging-2025.gvatec.ch\/de\/categorie-produit\/uv-messung\/jahrliche-kalibrierung\/\"><img decoding=\"async\" src=\"https:\/\/staging25.uvi-staging-2025.gvatec.ch\/wp-content\/uploads\/woocommerce-placeholder-300x180.png\" alt=\"J\u00e4hrliche Kalibrierung\" width=\"300\" height=\"180\" \/>\t\t<h2 class=\"woocommerce-loop-category__title\">\n\t\t\tJ\u00e4hrliche Kalibrierung <mark class=\"count\">(2)<\/mark>\t\t<\/h2>\n\t\t<\/a><\/li>\n<li class=\"product-category product last\">\n\t<a aria-label=\"Produktkategorie Andere Ma\u00dfnahmen besuchen\" href=\"https:\/\/staging25.uvi-staging-2025.gvatec.ch\/de\/categorie-produit\/uv-messung\/andere-masnahmen\/\"><img loading=\"lazy\" decoding=\"async\" src=\"https:\/\/staging25.uvi-staging-2025.gvatec.ch\/wp-content\/uploads\/woocommerce-placeholder-300x180.png\" alt=\"Andere Ma\u00dfnahmen\" width=\"300\" height=\"180\" \/>\t\t<h2 class=\"woocommerce-loop-category__title\">\n\t\t\tAndere Ma\u00dfnahmen <mark class=\"count\">(2)<\/mark>\t\t<\/h2>\n\t\t<\/a><\/li>\n<\/ul>\n<\/div>\t\t\t\t<\/div>\n\t\t<div class=\"elementor-element elementor-element-0e017b4 e-flex e-con-boxed e-con e-child\" data-id=\"0e017b4\" data-element_type=\"container\" data-e-type=\"container\">\n\t\t\t\t\t<div class=\"e-con-inner\">\n\t\t\t\t<div class=\"elementor-element elementor-element-ae51035 elementor-widget elementor-widget-spacer\" data-id=\"ae51035\" data-element_type=\"widget\" data-e-type=\"widget\" data-widget_type=\"spacer.default\">\n\t\t\t\t\t\t\t<div class=\"elementor-spacer\">\n\t\t\t<div class=\"elementor-spacer-inner\"><\/div>\n\t\t<\/div>\n\t\t\t\t\t\t<\/div>\n\t\t\t\t\t<\/div>\n\t\t\t\t<\/div>\n\t\t\t\t\t<\/div>\n\t\t\t\t<\/div>\n\t\t\t\t<\/div>\n\t\t","protected":false},"excerpt":{"rendered":"<p>UV-Messung Die von Mitteldrucklampen emittierte UV-Strahlung hat ein sehr breites Spektrum und muss mit Radiometern gemessen werden, die entweder f\u00fcr die Messung der gesamten UV-Strahlung oder f\u00fcr bestimmte Bereiche vorgesehen sind. Niederdruck-Quecksilberlampen haben eine niedrigere Emissionsleistung, die empfindlichere Messger\u00e4te erfordert. Diese Arten von Messger\u00e4ten finden Sie unter &#8222;Messung von UV-Lampen&#8220;. Ger\u00e4te, die Strahlung mit Hilfe [&hellip;]<\/p>\n","protected":false},"author":1,"featured_media":0,"parent":0,"menu_order":0,"comment_status":"closed","ping_status":"open","template":"elementor_header_footer","meta":{"footnotes":"","_wp_rev_ctl_limit":""},"class_list":["post-18361","page","type-page","status-publish","hentry"],"_links":{"self":[{"href":"https:\/\/staging25.uvi-staging-2025.gvatec.ch\/de\/wp-json\/wp\/v2\/pages\/18361","targetHints":{"allow":["GET"]}}],"collection":[{"href":"https:\/\/staging25.uvi-staging-2025.gvatec.ch\/de\/wp-json\/wp\/v2\/pages"}],"about":[{"href":"https:\/\/staging25.uvi-staging-2025.gvatec.ch\/de\/wp-json\/wp\/v2\/types\/page"}],"author":[{"embeddable":true,"href":"https:\/\/staging25.uvi-staging-2025.gvatec.ch\/de\/wp-json\/wp\/v2\/users\/1"}],"replies":[{"embeddable":true,"href":"https:\/\/staging25.uvi-staging-2025.gvatec.ch\/de\/wp-json\/wp\/v2\/comments?post=18361"}],"version-history":[{"count":2,"href":"https:\/\/staging25.uvi-staging-2025.gvatec.ch\/de\/wp-json\/wp\/v2\/pages\/18361\/revisions"}],"predecessor-version":[{"id":18941,"href":"https:\/\/staging25.uvi-staging-2025.gvatec.ch\/de\/wp-json\/wp\/v2\/pages\/18361\/revisions\/18941"}],"wp:attachment":[{"href":"https:\/\/staging25.uvi-staging-2025.gvatec.ch\/de\/wp-json\/wp\/v2\/media?parent=18361"}],"curies":[{"name":"wp","href":"https:\/\/api.w.org\/{rel}","templated":true}]}}