{"id":18359,"date":"2020-06-11T17:22:12","date_gmt":"2020-06-11T15:22:12","guid":{"rendered":"https:\/\/staging25.uvi-staging-2025.gvatec.ch\/cookie-policy-cookie-policy\/"},"modified":"2025-10-01T07:16:42","modified_gmt":"2025-10-01T05:16:42","slug":"cookie-policy-cookie-policy","status":"publish","type":"page","link":"https:\/\/staging25.uvi-staging-2025.gvatec.ch\/de\/cookie-policy-cookie-policy\/","title":{"rendered":"Cookie Policy &#8211; Cookie Policy"},"content":{"rendered":"\t\t<div data-elementor-type=\"wp-page\" data-elementor-id=\"18359\" class=\"elementor elementor-18359 elementor-6038\" data-elementor-post-type=\"page\">\n\t\t\t\t<div class=\"elementor-element elementor-element-54bdb802 e-flex e-con-boxed e-con e-parent\" data-id=\"54bdb802\" data-element_type=\"container\" data-e-type=\"container\">\n\t\t\t\t\t<div class=\"e-con-inner\">\n\t\t\t\t<div class=\"elementor-element elementor-element-ce8e362 elementor-widget elementor-widget-heading\" data-id=\"ce8e362\" data-element_type=\"widget\" data-e-type=\"widget\" data-widget_type=\"heading.default\">\n\t\t\t\t\t<h2 class=\"elementor-heading-title elementor-size-default\">Cookie-Richtlinie<\/h2>\t\t\t\t<\/div>\n\t\t\t\t<div class=\"elementor-element elementor-element-38afc34 elementor-widget elementor-widget-spacer\" data-id=\"38afc34\" data-element_type=\"widget\" data-e-type=\"widget\" data-widget_type=\"spacer.default\">\n\t\t\t\t\t\t\t<div class=\"elementor-spacer\">\n\t\t\t<div class=\"elementor-spacer-inner\"><\/div>\n\t\t<\/div>\n\t\t\t\t\t\t<\/div>\n\t\t\t\t<div class=\"elementor-element elementor-element-656a58e0 elementor-widget elementor-widget-text-editor\" data-id=\"656a58e0\" data-element_type=\"widget\" data-e-type=\"widget\" data-widget_type=\"text-editor.default\">\n\t\t\t\t\t\t\t\t\t<h4>Franz\u00f6sisch (English follows)<\/h4><h2>\u00dcber unsere Cookie-Richtlinie<\/h2><p>Diese Cookie-Richtlinie erl\u00e4utert, was Cookies sind und wie wir sie verwenden. Sie m\u00fcssen diese Richtlinie lesen, um zu verstehen, was Cookies sind, wie wir sie verwenden, welche Arten von Cookies wir verwenden, d.h. welche Informationen wir mit Hilfe von Cookies sammeln und wie diese Informationen verwendet werden und wie Sie die Cookie-Einstellungen kontrollieren k\u00f6nnen. Weitere Informationen dar\u00fcber, wie wir Ihre pers\u00f6nlichen Daten verwenden, speichern und sch\u00fctzen, finden Sie in unserer Datenschutzrichtlinie.  <\/p><p>Sie k\u00f6nnen Ihre Zustimmung zur Cookie-Erkl\u00e4rung auf unserer Website jederzeit \u00e4ndern oder widerrufen.Erfahren Sie mehr dar\u00fcber, wer wir sind, wie Sie uns kontaktieren k\u00f6nnen und wie wir mit pers\u00f6nlichen Daten umgehen in unserer Datenschutzrichtlinie.Ihre Zustimmung gilt f\u00fcr die folgenden Bereiche: <a href=\"https:\/\/uv-industrie.ch\">uv-industrie.ch<\/a><\/p><p>[user_consent_state]<\/p><p><span style=\"font-size: 14px;\"> <\/span><\/p><h3 id=\"tw-target-text\" dir=\"ltr\" data-placeholder=\"Traduction\"><span lang=\"fr\">Was sind Cookies?<\/span><\/h3><p dir=\"ltr\" data-placeholder=\"Traduction\"><span lang=\"fr\">Cookies sind kleine Textdateien, die zur Speicherung von kleinen Informationen verwendet werden. Cookies werden auf Ihrem Ger\u00e4t gespeichert, wenn die Website in Ihrem Browser geladen wird. Diese Cookies helfen uns, die Website korrekt zu betreiben, die Website sicherer zu machen, eine bessere Benutzererfahrung zu bieten und zu verstehen, wie die Website funktioniert, und zu analysieren, was funktioniert und wo sie verbessert werden muss.    <\/span><\/p><h3 dir=\"ltr\" data-placeholder=\"Traduction\"><span lang=\"fr\">Wie verwenden wir Cookies?  <\/span><\/h3><p dir=\"ltr\" data-placeholder=\"Traduction\"><span lang=\"fr\">Wie die meisten Online-Dienste verwendet unsere Website interne Cookies und Cookies von Dritten f\u00fcr verschiedene Zwecke. Eigene Cookies sind in erster Linie f\u00fcr das Funktionieren der Website erforderlich und sammeln keine personenbezogenen Daten von Ihnen. Cookies von Dritten, die auf unseren Websites verwendet werden, werden haupts\u00e4chlich verwendet, um zu verstehen, wie die Website funktioniert, wie Sie mit unserer Website interagieren, um unsere Dienste sicher zu halten, um Werbung zu liefern, die f\u00fcr Sie relevant ist, und um Ihnen insgesamt eine bessere und verbesserte Benutzererfahrung zu bieten und Ihre zuk\u00fcnftigen Interaktionen mit unserer Website zu beschleunigen.   <br><\/span><\/p><h3 dir=\"ltr\" data-placeholder=\"Traduction\"><span lang=\"fr\">Welche Arten von Cookies verwenden wir?  <\/span><\/h3><p dir=\"ltr\" data-placeholder=\"Traduction\"><span lang=\"fr\">  Wesentlich: Einige Cookies sind wesentlich, damit Sie alle Funktionen unserer Website nutzen k\u00f6nnen. Sie erm\u00f6glichen uns die Aufrechterhaltung von Benutzersitzungen und die Vermeidung von Sicherheitsbedrohungen. Sie sammeln oder speichern keine pers\u00f6nlichen Informationen. Diese Cookies erm\u00f6glichen es Ihnen beispielsweise, sich in Ihr Konto einzuloggen und Produkte in Ihren Warenkorb zu legen und sicher zu bestellen.   <\/span><\/p><p>Statistik: Diese Cookies speichern Informationen wie die Anzahl der Besucher der Website, die Anzahl der eindeutigen Besucher, die Seiten der Website, die besucht wurden, die Quelle des Besuchs usw. Diese Daten helfen uns, die Leistung der Website zu verstehen und zu analysieren, sowie die Punkte, die verbessert werden m\u00fcssen. <\/p><p>Marketing: Unsere Website zeigt Werbung an. Diese Cookies werden verwendet, um die Werbung, die wir Ihnen zeigen, so anzupassen, dass sie f\u00fcr Sie von Bedeutung ist. Diese Cookies helfen uns auch dabei, die Effektivit\u00e4t dieser Werbekampagnen zu verfolgen. Die in diesen Cookies gespeicherten Informationen k\u00f6nnen auch von Drittanbietern von Werbung verwendet werden, um Ihnen auch Anzeigen auf anderen Websites im Browser zu zeigen.   <\/p><p>Funktional: Dies sind die Cookies, die bestimmte nicht wesentliche Funktionen unserer Website unterst\u00fctzen. Diese Funktionen umfassen das Einbetten von Inhalten wie Videos oder das Teilen von Inhalten auf der Website auf Plattformen der sozialen Medien. <\/p><p>Pr\u00e4ferenzen: Diese Cookies helfen uns, Ihre Einstellungen und Navigationspr\u00e4ferenzen wie Sprachpr\u00e4ferenzen zu speichern, damit Sie bei Ihren zuk\u00fcnftigen Besuchen auf der Website eine bessere und effizientere Erfahrung machen k\u00f6nnen.<\/p><p>[cookie_audit columns=&#8220;cookie, description&#8220; header=&#8220;La liste ci-dessous d\u00e9taille les cookies utilis\u00e9s sur notre site Web.&#8220;]<\/p><h3 dir=\"ltr\" data-placeholder=\"Traduction\"><span lang=\"fr\">Wie kann ich die Cookie-Einstellungen kontrollieren?<\/span><\/h3><p>Wenn Sie Ihre Pr\u00e4ferenzen zu einem sp\u00e4teren Zeitpunkt w\u00e4hrend Ihrer Browsersitzung \u00e4ndern m\u00f6chten, k\u00f6nnen Sie auf die Registerkarte &#8222;Datenschutz und Cookies&#8220; auf Ihrem Bildschirm klicken. Dadurch wird der Hinweis auf die Zustimmung erneut angezeigt, so dass Sie Ihre Pr\u00e4ferenzen \u00e4ndern oder Ihre Zustimmung vollst\u00e4ndig zur\u00fcckziehen k\u00f6nnen. <\/p><p>Dar\u00fcber hinaus bieten verschiedene Browser unterschiedliche Methoden zum Blockieren und L\u00f6schen von Cookies an, die von Websites verwendet werden. Sie k\u00f6nnen die Einstellungen Ihres Browsers \u00e4ndern, um Cookies zu blockieren\/l\u00f6schen. Weitere Informationen \u00fcber das Verwalten und L\u00f6schen von Cookies finden Sie auf <a href=\"https:\/\/wikipedia.org\">wikipedia.org<\/a>, <a href=\"http:\/\/www.allaboutcookies.org\">www.allaboutcookies.org<\/a>.  <\/p><hr><h4> <\/h4><h4>Englische Version<\/h4><h2>About this cookie policy<\/h2><p>Diese Cookie-Richtlinie erl\u00e4utert, was Cookies sind und wie wir sie verwenden. Sie sollten diese Richtlinie lesen, um zu verstehen, was Cookies sind, wie wir sie verwenden, welche Arten von Cookies wir verwenden, d.h. welche Informationen wir mit Hilfe von Cookies sammeln und wie diese Informationen verwendet werden und wie Sie die Cookie-Einstellungen kontrollieren k\u00f6nnen. Weitere Informationen dar\u00fcber, wie wir Ihre pers\u00f6nlichen Daten verwenden, speichern und sicher halten, finden Sie in unserer Datenschutzrichtlinie.Sie k\u00f6nnen Ihre Zustimmung jederzeit \u00e4ndern oder widerrufen, indem Sie die Cookie-Erkl\u00e4rung auf unserer Website lesen.Erfahren Sie mehr dar\u00fcber, wer wir sind, wie Sie uns kontaktieren k\u00f6nnen und wie wir pers\u00f6nliche Daten verarbeiten in unserer Datenschutzrichtlinie.Ihre Zustimmung gilt f\u00fcr die folgenden Domains: <a href=\"https:\/\/uv-industrie.ch\">uv-industrie.ch<\/a>  <\/p><p>[user_consent_state]<\/p><p><span style=\"color: #333333; font-size: 22px;\">Was sind Cookies?<\/span><\/p><p>Cookies sind kleine Textdateien, die verwendet werden, um kleine Informationen zu speichern. Die Cookies werden auf Ihrem Ger\u00e4t gespeichert, wenn die Website in Ihrem Browser geladen wird. Diese Cookies helfen uns, die Website funktionsf\u00e4hig zu halten, die Website sicherer zu machen, eine bessere Benutzererfahrung zu bieten und zu verstehen, wie die Website funktioniert, und zu analysieren, was funktioniert und wo sie verbessert werden muss.  <\/p><h3>Wie verwenden wir Cookies?<\/h3><p>Wie die meisten Online-Dienste verwendet auch unsere Website First-Party-Cookies und Third-Party-Cookies f\u00fcr eine Reihe von Zwecken. Die First-Party-Cookies sind vor allem notwendig, damit die Website ordnungsgem\u00e4\u00df funktioniert und sammeln keine personenbezogenen Daten von Ihnen. <\/p><p>Die auf unseren Websites verwendeten Cookies von Drittanbietern werden haupts\u00e4chlich dazu verwendet, um zu verstehen, wie die Website funktioniert, wie Sie mit unserer Website interagieren, um unsere Dienste sicher zu halten, um f\u00fcr Sie relevante Werbung zu liefern und um Ihnen eine bessere und verbesserte Benutzererfahrung zu bieten und um Ihre zuk\u00fcnftigen Interaktionen mit unserer Website zu beschleunigen.<\/p><h3>Welche Arten von Cookies verwenden wir?<\/h3><p>Wesentlich: Einige Cookies sind f\u00fcr Sie wesentlich, damit Sie die volle Funktionalit\u00e4t unserer Website nutzen k\u00f6nnen. Sie erm\u00f6glichen es uns, Benutzersitzungen zu pflegen und Sicherheitsbedrohungen vorzubeugen. Sie sammeln oder speichern keine pers\u00f6nlichen Informationen. Zum Beispiel erm\u00f6glichen Ihnen diese Cookies, sich in Ihr Konto einzuloggen und Produkte zu Ihrem Warenkorb hinzuzuf\u00fcgen und sicher zu bezahlen.   <\/p><p>Statistik: Diese Cookies speichern Informationen wie die Anzahl der Besucher der Website, die Anzahl der eindeutigen Besucher, welche Seiten der Website besucht wurden, die Quelle des Besuchs etc. Diese Daten helfen uns zu verstehen und zu analysieren, wie gut die Website funktioniert und wo sie verbesserungsbed\u00fcrftig ist. <\/p><p>Marketing: Auf unserer Website werden Anzeigen geschaltet. Diese Cookies werden verwendet, um die Anzeigen, die wir Ihnen zeigen, zu personalisieren, so dass sie f\u00fcr Sie von Bedeutung sind. Diese Cookies helfen uns auch, die Effektivit\u00e4t dieser Werbekampagnen zu verfolgen.<br>Die in diesen Cookies gespeicherten Informationen k\u00f6nnen auch von den Drittanbietern genutzt werden, um Ihnen Werbung auf anderen Webseiten im Browser anzuzeigen.  <\/p><p>Functional: Dies sind die Cookies, die bestimmte nicht-essentielle Funktionen auf unserer Website unterst\u00fctzen. Diese Funktionen beinhalten das Einbetten von Inhalten wie Videos oder das Teilen von Inhalten auf der Website \u00fcber soziale Medienplattformen. <\/p><p>Pr\u00e4ferenzen: Diese Cookies helfen uns, Ihre Einstellungen und Browserpr\u00e4ferenzen wie z.B. Spracheinstellungen zu speichern, damit Sie bei zuk\u00fcnftigen Besuchen der Website eine bessere und effizientere Erfahrung machen k\u00f6nnen.<\/p><p>[cookie_audit columns=&#8220;cookie,description&#8220; heading=&#8220;The below list details the cookies used in our website.&#8220;]<\/p><h3>Wie kann ich die Cookie-Einstellungen kontrollieren?<\/h3><p>Wenn Sie Ihre Pr\u00e4ferenzen sp\u00e4ter w\u00e4hrend Ihrer Browsing-Sitzung \u00e4ndern m\u00f6chten, k\u00f6nnen Sie auf die Registerkarte &#8222;Privacy &amp; Cookie Policy&#8220; auf Ihrem Bildschirm klicken. Dadurch wird die Einwilligungserkl\u00e4rung erneut angezeigt, so dass Sie Ihre Pr\u00e4ferenzen \u00e4ndern oder Ihre Einwilligung vollst\u00e4ndig zur\u00fcckziehen k\u00f6nnen. <\/p><p>Dar\u00fcber hinaus bieten verschiedene Browser unterschiedliche Methoden zum Blockieren und L\u00f6schen von Cookies, die von Websites verwendet werden. Sie k\u00f6nnen die Einstellungen Ihres Browsers \u00e4ndern, um die Cookies zu blockieren\/l\u00f6schen. Weitere Informationen \u00fcber das Verwalten und L\u00f6schen von Cookies finden Sie auf <a href=\"https:\/\/wikipedia.org\">wikipedia.org<\/a>, <a href=\"http:\/\/www.allaboutcookies.org\">www.allaboutcookies.org<\/a>.  <\/p>\t\t\t\t\t\t\t\t<\/div>\n\t\t\t\t\t<\/div>\n\t\t\t\t<\/div>\n\t\t\t\t<\/div>\n\t\t","protected":false},"excerpt":{"rendered":"<p>Cookie-Richtlinie Franz\u00f6sisch (English follows) \u00dcber unsere Cookie-Richtlinie Diese Cookie-Richtlinie erl\u00e4utert, was Cookies sind und wie wir sie verwenden. Sie m\u00fcssen diese Richtlinie lesen, um zu verstehen, was Cookies sind, wie wir sie verwenden, welche Arten von Cookies wir verwenden, d.h. welche Informationen wir mit Hilfe von Cookies sammeln und wie diese Informationen verwendet werden und [&hellip;]<\/p>\n","protected":false},"author":4,"featured_media":0,"parent":0,"menu_order":0,"comment_status":"closed","ping_status":"open","template":"","meta":{"footnotes":"","_wp_rev_ctl_limit":""},"class_list":["post-18359","page","type-page","status-publish","hentry"],"_links":{"self":[{"href":"https:\/\/staging25.uvi-staging-2025.gvatec.ch\/de\/wp-json\/wp\/v2\/pages\/18359","targetHints":{"allow":["GET"]}}],"collection":[{"href":"https:\/\/staging25.uvi-staging-2025.gvatec.ch\/de\/wp-json\/wp\/v2\/pages"}],"about":[{"href":"https:\/\/staging25.uvi-staging-2025.gvatec.ch\/de\/wp-json\/wp\/v2\/types\/page"}],"author":[{"embeddable":true,"href":"https:\/\/staging25.uvi-staging-2025.gvatec.ch\/de\/wp-json\/wp\/v2\/users\/4"}],"replies":[{"embeddable":true,"href":"https:\/\/staging25.uvi-staging-2025.gvatec.ch\/de\/wp-json\/wp\/v2\/comments?post=18359"}],"version-history":[{"count":5,"href":"https:\/\/staging25.uvi-staging-2025.gvatec.ch\/de\/wp-json\/wp\/v2\/pages\/18359\/revisions"}],"predecessor-version":[{"id":18471,"href":"https:\/\/staging25.uvi-staging-2025.gvatec.ch\/de\/wp-json\/wp\/v2\/pages\/18359\/revisions\/18471"}],"wp:attachment":[{"href":"https:\/\/staging25.uvi-staging-2025.gvatec.ch\/de\/wp-json\/wp\/v2\/media?parent=18359"}],"curies":[{"name":"wp","href":"https:\/\/api.w.org\/{rel}","templated":true}]}}