{"id":18357,"date":"2024-04-30T13:50:02","date_gmt":"2024-04-30T11:50:02","guid":{"rendered":"https:\/\/staging25.uvi-staging-2025.gvatec.ch\/uv-geraete\/"},"modified":"2025-10-28T18:15:19","modified_gmt":"2025-10-28T17:15:19","slug":"uv-geraete","status":"publish","type":"page","link":"https:\/\/staging25.uvi-staging-2025.gvatec.ch\/de\/uv-geraete\/","title":{"rendered":"UV-Ger\u00e4te"},"content":{"rendered":"\t\t<div data-elementor-type=\"wp-page\" data-elementor-id=\"18357\" class=\"elementor elementor-18357 elementor-10561\" data-elementor-post-type=\"page\">\n\t\t\t\t<div class=\"elementor-element elementor-element-6439581 e-flex e-con-boxed e-con e-parent\" data-id=\"6439581\" data-element_type=\"container\" data-e-type=\"container\">\n\t\t\t\t\t<div class=\"e-con-inner\">\n\t\t\t\t<div class=\"elementor-element elementor-element-b64cfcd elementor-widget elementor-widget-spacer\" data-id=\"b64cfcd\" data-element_type=\"widget\" data-e-type=\"widget\" data-widget_type=\"spacer.default\">\n\t\t\t\t\t\t\t<div class=\"elementor-spacer\">\n\t\t\t<div class=\"elementor-spacer-inner\"><\/div>\n\t\t<\/div>\n\t\t\t\t\t\t<\/div>\n\t\t\t\t<div class=\"elementor-element elementor-element-ffd14a0 elementor-widget elementor-widget-heading\" data-id=\"ffd14a0\" data-element_type=\"widget\" data-e-type=\"widget\" data-widget_type=\"heading.default\">\n\t\t\t\t\t<h2 class=\"elementor-heading-title elementor-size-default\">UV-Ger\u00e4te  <\/h2>\t\t\t\t<\/div>\n\t\t\t\t<div class=\"elementor-element elementor-element-86f5df8 elementor-widget elementor-widget-spacer\" data-id=\"86f5df8\" data-element_type=\"widget\" data-e-type=\"widget\" data-widget_type=\"spacer.default\">\n\t\t\t\t\t\t\t<div class=\"elementor-spacer\">\n\t\t\t<div class=\"elementor-spacer-inner\"><\/div>\n\t\t<\/div>\n\t\t\t\t\t\t<\/div>\n\t\t\t\t\t<\/div>\n\t\t\t\t<\/div>\n\t\t<div class=\"elementor-element elementor-element-27fd084 e-flex e-con-boxed e-con e-parent\" data-id=\"27fd084\" data-element_type=\"container\" data-e-type=\"container\">\n\t\t\t\t\t<div class=\"e-con-inner\">\n\t\t\t\t<div class=\"elementor-element elementor-element-2d425cff elementor-widget__width-initial elementor-widget elementor-widget-text-editor\" data-id=\"2d425cff\" data-element_type=\"widget\" data-e-type=\"widget\" data-widget_type=\"text-editor.default\">\n\t\t\t\t\t\t\t\t\t<p><span style=\"font-size: 1rem;\">Hier finden Sie einen Teil der Ausr\u00fcstung, die wir f\u00fcr Ihre Bed\u00fcrfnisse in der Welt des ultravioletten Lichts anbieten.<\/span><\/p>\n<p>Wir haben diese Ger\u00e4te nach den zwei gro\u00dfen Familien, die UV-Strahlung erzeugen, klassifiziert: Entweder durch Mittel- oder Niederdruck-Quecksilberlampen (Gl\u00fchbirnen, R\u00f6hren, Kassetten), die UV-Strahlung erzeugen, oder mit UV-LEDs.<\/p>\n<p>Diese beiden Hauptkategorien werden nach Art der Ger\u00e4te unterteilt.<\/p>\n<p><span style=\"font-size: 1rem;\">Wenn Sie nicht finden, was Sie brauchen oder Rat suchen, z\u00f6gern Sie bitte nicht, uns zu kontaktieren. Wir bieten nicht nur unseren Katalog an, sondern das, was Ihr Prozess ben\u00f6tigt. <\/span><\/p>\t\t\t\t\t\t\t\t<\/div>\n\t\t\t\t<div class=\"elementor-element elementor-element-87b8f14 elementor-widget elementor-widget-spacer\" data-id=\"87b8f14\" data-element_type=\"widget\" data-e-type=\"widget\" data-widget_type=\"spacer.default\">\n\t\t\t\t\t\t\t<div class=\"elementor-spacer\">\n\t\t\t<div class=\"elementor-spacer-inner\"><\/div>\n\t\t<\/div>\n\t\t\t\t\t\t<\/div>\n\t\t\t\t<div class=\"elementor-element elementor-element-9a6db93 elementor-widget__width-initial elementor-product-loop-item--align-center elementor-grid-6 elementor-grid-tablet-3 elementor-grid-mobile-2 elementor-products-grid elementor-wc-products elementor-widget elementor-widget-wc-categories\" data-id=\"9a6db93\" data-element_type=\"widget\" data-e-type=\"widget\" data-widget_type=\"wc-categories.default\">\n\t\t\t\t\t<div class=\"woocommerce columns-6\"><ul class=\"products elementor-grid columns-6\">\n<li class=\"product-category product first\">\n\t<a aria-label=\"Produktkategorie Versorgung von Mitteldrucklampen besuchen\" href=\"https:\/\/staging25.uvi-staging-2025.gvatec.ch\/de\/categorie-produit\/uv-ausrustung\/stromversorgung-fur-die-lampe\/\"><img fetchpriority=\"high\" decoding=\"async\" src=\"https:\/\/staging25.uvi-staging-2025.gvatec.ch\/wp-content\/uploads\/woocommerce-placeholder-300x180.png\" alt=\"Versorgung von Mitteldrucklampen\" width=\"300\" height=\"180\" \/>\t\t<h2 class=\"woocommerce-loop-category__title\">\n\t\t\tVersorgung von Mitteldrucklampen <mark class=\"count\">(3)<\/mark>\t\t<\/h2>\n\t\t<\/a><\/li>\n<li class=\"product-category product\">\n\t<a aria-label=\"Produktkategorie Punktuelle UV-Quellen besuchen\" href=\"https:\/\/staging25.uvi-staging-2025.gvatec.ch\/de\/categorie-produit\/uv-ausrustung\/pro-lampe\/punktuelle-uv-quellen\/\"><img decoding=\"async\" src=\"https:\/\/staging25.uvi-staging-2025.gvatec.ch\/wp-content\/uploads\/2024\/04\/placeholder-300x180.png\" alt=\"Punktuelle UV-Quellen\" width=\"300\" height=\"180\" \/>\t\t<h2 class=\"woocommerce-loop-category__title\">\n\t\t\tPunktuelle UV-Quellen <mark class=\"count\">(2)<\/mark>\t\t<\/h2>\n\t\t<\/a><\/li>\n<li class=\"product-category product\">\n\t<a aria-label=\"Produktkategorie UV-Lampen besuchen\" href=\"https:\/\/staging25.uvi-staging-2025.gvatec.ch\/de\/categorie-produit\/uv-ausrustung\/pro-lampe\/uv-lampen\/\"><img decoding=\"async\" src=\"https:\/\/staging25.uvi-staging-2025.gvatec.ch\/wp-content\/uploads\/2024\/05\/placeholder-300x180.png\" alt=\"UV-Lampen\" width=\"300\" height=\"180\" \/>\t\t<h2 class=\"woocommerce-loop-category__title\">\n\t\t\tUV-Lampen <mark class=\"count\">(2)<\/mark>\t\t<\/h2>\n\t\t<\/a><\/li>\n<li class=\"product-category product\">\n\t<a aria-label=\"Produktkategorie UV-Kammern besuchen\" href=\"https:\/\/staging25.uvi-staging-2025.gvatec.ch\/de\/categorie-produit\/uv-ausrustung\/pro-lampe\/uv-kammern\/\"><img loading=\"lazy\" decoding=\"async\" src=\"https:\/\/staging25.uvi-staging-2025.gvatec.ch\/wp-content\/uploads\/2024\/05\/placeholder-300x180.png\" alt=\"UV-Kammern\" width=\"300\" height=\"180\" \/>\t\t<h2 class=\"woocommerce-loop-category__title\">\n\t\t\tUV-Kammern <mark class=\"count\">(2)<\/mark>\t\t<\/h2>\n\t\t<\/a><\/li>\n<\/ul>\n<\/div>\t\t\t\t<\/div>\n\t\t<div class=\"elementor-element elementor-element-0e017b4 e-flex e-con-boxed e-con e-child\" data-id=\"0e017b4\" data-element_type=\"container\" data-e-type=\"container\">\n\t\t\t\t\t<div class=\"e-con-inner\">\n\t\t\t\t<div class=\"elementor-element elementor-element-aaf2571 elementor-widget elementor-widget-spacer\" data-id=\"aaf2571\" data-element_type=\"widget\" data-e-type=\"widget\" data-widget_type=\"spacer.default\">\n\t\t\t\t\t\t\t<div class=\"elementor-spacer\">\n\t\t\t<div class=\"elementor-spacer-inner\"><\/div>\n\t\t<\/div>\n\t\t\t\t\t\t<\/div>\n\t\t\t\t\t<\/div>\n\t\t\t\t<\/div>\n\t\t\t\t\t<\/div>\n\t\t\t\t<\/div>\n\t\t\t\t<\/div>\n\t\t","protected":false},"excerpt":{"rendered":"<p>UV-Ger\u00e4te Hier finden Sie einen Teil der Ausr\u00fcstung, die wir f\u00fcr Ihre Bed\u00fcrfnisse in der Welt des ultravioletten Lichts anbieten. Wir haben diese Ger\u00e4te nach den zwei gro\u00dfen Familien, die UV-Strahlung erzeugen, klassifiziert: Entweder durch Mittel- oder Niederdruck-Quecksilberlampen (Gl\u00fchbirnen, R\u00f6hren, Kassetten), die UV-Strahlung erzeugen, oder mit UV-LEDs. Diese beiden Hauptkategorien werden nach Art der Ger\u00e4te [&hellip;]<\/p>\n","protected":false},"author":1,"featured_media":0,"parent":0,"menu_order":0,"comment_status":"closed","ping_status":"open","template":"elementor_header_footer","meta":{"footnotes":"","_wp_rev_ctl_limit":""},"class_list":["post-18357","page","type-page","status-publish","hentry"],"_links":{"self":[{"href":"https:\/\/staging25.uvi-staging-2025.gvatec.ch\/de\/wp-json\/wp\/v2\/pages\/18357","targetHints":{"allow":["GET"]}}],"collection":[{"href":"https:\/\/staging25.uvi-staging-2025.gvatec.ch\/de\/wp-json\/wp\/v2\/pages"}],"about":[{"href":"https:\/\/staging25.uvi-staging-2025.gvatec.ch\/de\/wp-json\/wp\/v2\/types\/page"}],"author":[{"embeddable":true,"href":"https:\/\/staging25.uvi-staging-2025.gvatec.ch\/de\/wp-json\/wp\/v2\/users\/1"}],"replies":[{"embeddable":true,"href":"https:\/\/staging25.uvi-staging-2025.gvatec.ch\/de\/wp-json\/wp\/v2\/comments?post=18357"}],"version-history":[{"count":3,"href":"https:\/\/staging25.uvi-staging-2025.gvatec.ch\/de\/wp-json\/wp\/v2\/pages\/18357\/revisions"}],"predecessor-version":[{"id":18945,"href":"https:\/\/staging25.uvi-staging-2025.gvatec.ch\/de\/wp-json\/wp\/v2\/pages\/18357\/revisions\/18945"}],"wp:attachment":[{"href":"https:\/\/staging25.uvi-staging-2025.gvatec.ch\/de\/wp-json\/wp\/v2\/media?parent=18357"}],"curies":[{"name":"wp","href":"https:\/\/api.w.org\/{rel}","templated":true}]}}