{"id":18356,"date":"2020-05-18T14:00:48","date_gmt":"2020-05-18T12:00:48","guid":{"rendered":"https:\/\/staging25.uvi-staging-2025.gvatec.ch\/alle-produkte-im-katalog\/"},"modified":"2020-05-18T14:00:48","modified_gmt":"2020-05-18T12:00:48","slug":"alle-produkte-im-katalog","status":"publish","type":"page","link":"https:\/\/staging25.uvi-staging-2025.gvatec.ch\/de\/alle-produkte-im-katalog\/","title":{"rendered":"Alle Produkte im Katalog"},"content":{"rendered":"<h2>Alle Produkte im Katalog &#8211; zeitweilige Seite<\/h2>\n<p>Woocommerce-Referenz<br \/><a href=\"https:\/\/docs.woocommerce.com\/document\/woocommerce-shortcodes\/\">https:\/\/docs.woocommerce.com\/document\/woocommerce-shortcodes\/<\/a><\/p>\n<p><code><div class=\"woocommerce columns-3 \"><span class=\"wpfHidden\" data-shortcode-attribute=\"{&quot;limit&quot;:&quot;-1&quot;,&quot;columns&quot;:3,&quot;rows&quot;:&quot;&quot;,&quot;orderby&quot;:&quot;&quot;,&quot;order&quot;:&quot;&quot;,&quot;ids&quot;:&quot;&quot;,&quot;skus&quot;:&quot;&quot;,&quot;category&quot;:&quot;&quot;,&quot;cat_operator&quot;:&quot;IN&quot;,&quot;attribute&quot;:&quot;&quot;,&quot;terms&quot;:&quot;&quot;,&quot;terms_operator&quot;:&quot;IN&quot;,&quot;tag&quot;:&quot;&quot;,&quot;tag_operator&quot;:&quot;IN&quot;,&quot;visibility&quot;:&quot;visible&quot;,&quot;class&quot;:&quot;&quot;,&quot;page&quot;:1,&quot;paginate&quot;:false,&quot;cache&quot;:false}\"><\/span><ul class=\"products columns-3\">\n<li class=\"product type-product post-18835 status-publish first instock product_cat-andere product_cat-andere-masnahmen product_cat-dekontamination product_cat-durch-uv-leds product_cat-efsen product_cat-eit20 product_cat-electron-beam-eb product_cat-excelitas product_cat-fds product_cat-fluoreszenz product_cat-gebrauchte-gerate product_cat-iie product_cat-jahrliche-kalibrierung product_cat-lichtleiter product_cat-lieferanten product_cat-luftgekuhlter-uv-led-trockner product_cat-messung-von-uv-lampen product_cat-neuheiten product_cat-unkategorisiert product_cat-omnicure product_cat-phoseon product_cat-pro-lampe product_cat-punktuelle-uv-quellen product_cat-sonderangebote product_cat-uv-industrie product_cat-uv-design product_cat-uv-forderer product_cat-uv-ausrustung product_cat-uv-kammern product_cat-uv-lampen product_cat-uv-led-messung product_cat-uv-leds-punktuell product_cat-uv-messung product_cat-stromversorgung-fur-die-lampe product_cat-wassergekuhlter-uv-led-trockner has-post-thumbnail featured shipping-taxable product-type-simple\">\n\t<a href=\"https:\/\/staging25.uvi-staging-2025.gvatec.ch\/de\/nos-produits\/beispiel-fuer-fabian-1-okt-2025-deutsch\/\" class=\"woocommerce-LoopProduct-link woocommerce-loop-product__link\"><img fetchpriority=\"high\" decoding=\"async\" width=\"300\" height=\"180\" src=\"https:\/\/staging25.uvi-staging-2025.gvatec.ch\/wp-content\/uploads\/2024\/03\/OM_ProductImage_OmniCure-S2000-Elite-1075x1095px-300x180.webp\" class=\"attachment-woocommerce_thumbnail size-woocommerce_thumbnail\" alt=\"Om Productimage Omnicure S2000 Elite 1075x1095px\" \/><h2 class=\"woocommerce-loop-product__title\">Beispiel f\u00fcr Fabian #1 &#8211; Okt 2025 &#8211; Franz\u00f6sisch<\/h2>\n<\/a><a href=\"https:\/\/staging25.uvi-staging-2025.gvatec.ch\/de\/nos-produits\/beispiel-fuer-fabian-1-okt-2025-deutsch\/\" aria-describedby=\"woocommerce_loop_add_to_cart_link_describedby_18835\" data-quantity=\"1\" class=\"button product_type_simple\" data-product_id=\"18835\" data-product_sku=\"Code fournisseur 100012000000-3\" aria-label=\"Lese mehr \u00fcber &#8222;Beispiel f\u00fcr Fabian #1 - Okt 2025 - Franz\u00f6sisch&#8220;\" rel=\"nofollow\" data-success_message=\"\">Weiterlesen<\/a>\t<span id=\"woocommerce_loop_add_to_cart_link_describedby_18835\" class=\"screen-reader-text\">\n\t\t\t<\/span>\n<\/li>\n<li class=\"product type-product post-19055 status-publish instock product_cat-andere product_cat-andere-masnahmen product_cat-dekontamination product_cat-durch-uv-leds product_cat-efsen product_cat-eit20 product_cat-electron-beam-eb product_cat-excelitas product_cat-fds product_cat-fluoreszenz product_cat-gebrauchte-gerate product_cat-iie product_cat-jahrliche-kalibrierung product_cat-lichtleiter product_cat-lieferanten product_cat-luftgekuhlter-uv-led-trockner product_cat-messung-von-uv-lampen product_cat-neuheiten product_cat-unkategorisiert product_cat-omnicure product_cat-phoseon product_cat-pro-lampe product_cat-punktuelle-uv-quellen product_cat-sonderangebote product_cat-uv-industrie product_cat-uv-design product_cat-uv-forderer product_cat-uv-ausrustung product_cat-uv-kammern product_cat-uv-lampen product_cat-uv-led-messung product_cat-uv-leds-punktuell product_cat-uv-messung product_cat-stromversorgung-fur-die-lampe product_cat-wassergekuhlter-uv-led-trockner has-post-thumbnail featured shipping-taxable product-type-simple\">\n\t<a href=\"https:\/\/staging25.uvi-staging-2025.gvatec.ch\/de\/nos-produits\/beispiel-fur-fabian-1-okt-2025-franzosisch-copie\/\" class=\"woocommerce-LoopProduct-link woocommerce-loop-product__link\"><img fetchpriority=\"high\" decoding=\"async\" width=\"300\" height=\"180\" src=\"https:\/\/staging25.uvi-staging-2025.gvatec.ch\/wp-content\/uploads\/2024\/03\/OM_ProductImage_OmniCure-S2000-Elite-1075x1095px-300x180.webp\" class=\"attachment-woocommerce_thumbnail size-woocommerce_thumbnail\" alt=\"Om Productimage Omnicure S2000 Elite 1075x1095px\" \/><h2 class=\"woocommerce-loop-product__title\">Beispiel f\u00fcr Fabian #1 &#8211; Okt 2025 &#8211; Franz\u00f6sisch (Copie)<\/h2>\n<\/a><a href=\"https:\/\/staging25.uvi-staging-2025.gvatec.ch\/de\/nos-produits\/beispiel-fur-fabian-1-okt-2025-franzosisch-copie\/\" aria-describedby=\"woocommerce_loop_add_to_cart_link_describedby_19055\" data-quantity=\"1\" class=\"button product_type_simple\" data-product_id=\"19055\" data-product_sku=\"Code fournisseur 100012000000-3-1\" aria-label=\"Lese mehr \u00fcber &#8222;Beispiel f\u00fcr Fabian #1 - Okt 2025 - Franz\u00f6sisch (Copie)&#8220;\" rel=\"nofollow\" data-success_message=\"\">Weiterlesen<\/a>\t<span id=\"woocommerce_loop_add_to_cart_link_describedby_19055\" class=\"screen-reader-text\">\n\t\t\t<\/span>\n<\/li>\n<li class=\"product type-product post-18730 status-publish last instock product_cat-non-classifiee has-post-thumbnail shipping-taxable product-type-simple\">\n\t<a href=\"https:\/\/staging25.uvi-staging-2025.gvatec.ch\/de\/nos-produits\/eit-powerpuck-ii-profiler\/\" class=\"woocommerce-LoopProduct-link woocommerce-loop-product__link\"><img decoding=\"async\" width=\"300\" height=\"180\" src=\"https:\/\/staging25.uvi-staging-2025.gvatec.ch\/wp-content\/uploads\/2024\/05\/EIT-Power-Puck-II-1-300x180.jpg\" class=\"attachment-woocommerce_thumbnail size-woocommerce_thumbnail\" alt=\"EIT - PowerPuck II Profiler\" \/><h2 class=\"woocommerce-loop-product__title\">EIT &#8211; PowerPuck II Profiler<\/h2>\n<\/a><a href=\"https:\/\/staging25.uvi-staging-2025.gvatec.ch\/de\/nos-produits\/eit-powerpuck-ii-profiler\/\" aria-describedby=\"woocommerce_loop_add_to_cart_link_describedby_18730\" data-quantity=\"1\" class=\"button product_type_simple\" data-product_id=\"18730\" data-product_sku=\"\" aria-label=\"Lese mehr \u00fcber &#8222;EIT - PowerPuck II Profiler&#8220;\" rel=\"nofollow\" data-success_message=\"\">Weiterlesen<\/a>\t<span id=\"woocommerce_loop_add_to_cart_link_describedby_18730\" class=\"screen-reader-text\">\n\t\t\t<\/span>\n<\/li>\n<li class=\"product type-product post-18759 status-publish first instock product_cat-non-classifiee has-post-thumbnail shipping-taxable product-type-simple\">\n\t<a href=\"https:\/\/staging25.uvi-staging-2025.gvatec.ch\/de\/nos-produits\/omnicure-plc1000\/\" class=\"woocommerce-LoopProduct-link woocommerce-loop-product__link\"><img decoding=\"async\" width=\"271\" height=\"180\" src=\"https:\/\/staging25.uvi-staging-2025.gvatec.ch\/wp-content\/uploads\/2024\/08\/OmniCure_PLC2000-271x180.jpg\" class=\"attachment-woocommerce_thumbnail size-woocommerce_thumbnail\" alt=\"OmniCure PLC1000\" \/><h2 class=\"woocommerce-loop-product__title\">OmniCure PLC1000<\/h2>\n<\/a><a href=\"https:\/\/staging25.uvi-staging-2025.gvatec.ch\/de\/nos-produits\/omnicure-plc1000\/\" aria-describedby=\"woocommerce_loop_add_to_cart_link_describedby_18759\" data-quantity=\"1\" class=\"button product_type_simple\" data-product_id=\"18759\" data-product_sku=\"\" aria-label=\"Lese mehr \u00fcber &#8222;OmniCure PLC1000&#8220;\" rel=\"nofollow\" data-success_message=\"\">Weiterlesen<\/a>\t<span id=\"woocommerce_loop_add_to_cart_link_describedby_18759\" class=\"screen-reader-text\">\n\t\t\t<\/span>\n<\/li>\n<li class=\"product type-product post-18633 status-publish instock product_cat-non-classifiee has-post-thumbnail shipping-taxable product-type-simple\">\n\t<a href=\"https:\/\/staging25.uvi-staging-2025.gvatec.ch\/de\/nos-produits\/omnicure-s2000-elite\/\" class=\"woocommerce-LoopProduct-link woocommerce-loop-product__link\"><img fetchpriority=\"high\" decoding=\"async\" width=\"300\" height=\"180\" src=\"https:\/\/staging25.uvi-staging-2025.gvatec.ch\/wp-content\/uploads\/2024\/03\/OM_ProductImage_OmniCure-S2000-Elite-1075x1095px-300x180.webp\" class=\"attachment-woocommerce_thumbnail size-woocommerce_thumbnail\" alt=\"Om Productimage Omnicure S2000 Elite 1075x1095px\" \/><h2 class=\"woocommerce-loop-product__title\">OmniCure S2000 Elite<\/h2>\n<\/a><a href=\"https:\/\/staging25.uvi-staging-2025.gvatec.ch\/de\/nos-produits\/omnicure-s2000-elite\/\" aria-describedby=\"woocommerce_loop_add_to_cart_link_describedby_18633\" data-quantity=\"1\" class=\"button product_type_simple\" data-product_id=\"18633\" data-product_sku=\"\" aria-label=\"Lese mehr \u00fcber &#8222;OmniCure S2000 Elite&#8220;\" rel=\"nofollow\" data-success_message=\"\">Weiterlesen<\/a>\t<span id=\"woocommerce_loop_add_to_cart_link_describedby_18633\" class=\"screen-reader-text\">\n\t\t\t<\/span>\n<\/li>\n<li class=\"product type-product post-18632 status-publish last instock product_cat-durch-uv-leds product_cat-luftgekuhlter-uv-led-trockner product_cat-omnicure product_cat-uv-ausrustung product_cat-stromversorgung-fur-die-lampe has-post-thumbnail featured shipping-taxable product-type-simple\">\n\t<a href=\"https:\/\/staging25.uvi-staging-2025.gvatec.ch\/de\/nos-produits\/omnicure-sc-ac-dc-netzteil\/\" class=\"woocommerce-LoopProduct-link woocommerce-loop-product__link\"><img loading=\"lazy\" decoding=\"async\" width=\"300\" height=\"180\" src=\"https:\/\/staging25.uvi-staging-2025.gvatec.ch\/wp-content\/uploads\/2024\/08\/OmniCure-SC-Serie-1-300x180.jpg\" class=\"attachment-woocommerce_thumbnail size-woocommerce_thumbnail\" alt=\"OmniCure SC AC\/DC-Netzteil\" \/><h2 class=\"woocommerce-loop-product__title\">OmniCure SC AC\/DC-Netzteil<\/h2>\n<\/a><a href=\"https:\/\/staging25.uvi-staging-2025.gvatec.ch\/de\/nos-produits\/omnicure-sc-ac-dc-netzteil\/\" aria-describedby=\"woocommerce_loop_add_to_cart_link_describedby_18632\" data-quantity=\"1\" class=\"button product_type_simple\" data-product_id=\"18632\" data-product_sku=\"Code fournisseur 100012000000-30\" aria-label=\"Lese mehr \u00fcber &#8222;OmniCure SC AC\/DC-Netzteil&#8220;\" rel=\"nofollow\" data-success_message=\"\">Weiterlesen<\/a>\t<span id=\"woocommerce_loop_add_to_cart_link_describedby_18632\" class=\"screen-reader-text\">\n\t\t\t<\/span>\n<\/li>\n<li class=\"product type-product post-18938 status-publish first instock product_cat-unkategorisiert featured shipping-taxable product-type-simple\">\n\t<a href=\"https:\/\/staging25.uvi-staging-2025.gvatec.ch\/de\/nos-produits\/produkttest-auf-franzoesisch-1\/\" class=\"woocommerce-LoopProduct-link woocommerce-loop-product__link\"><img loading=\"lazy\" decoding=\"async\" width=\"300\" height=\"180\" src=\"https:\/\/staging25.uvi-staging-2025.gvatec.ch\/wp-content\/uploads\/woocommerce-placeholder-300x180.png\" class=\"woocommerce-placeholder wp-post-image\" alt=\"Platzhalter\" \/><h2 class=\"woocommerce-loop-product__title\">Produkttest auf Franz\u00f6sisch &#8211; 1<\/h2>\n<\/a><a href=\"https:\/\/staging25.uvi-staging-2025.gvatec.ch\/de\/nos-produits\/produkttest-auf-franzoesisch-1\/\" aria-describedby=\"woocommerce_loop_add_to_cart_link_describedby_18938\" data-quantity=\"1\" class=\"button product_type_simple\" data-product_id=\"18938\" data-product_sku=\"0000000000000000000000001\" aria-label=\"Lese mehr \u00fcber &#8222;Produkttest auf Franz\u00f6sisch - 1&#8220;\" rel=\"nofollow\" data-success_message=\"\">Weiterlesen<\/a>\t<span id=\"woocommerce_loop_add_to_cart_link_describedby_18938\" class=\"screen-reader-text\">\n\t\t\t<\/span>\n<\/li>\n<\/ul>\n<\/div><\/code><\/p>\n<div class=\"woocommerce columns-3 \"><span class=\"wpfHidden\" data-shortcode-attribute=\"{&quot;limit&quot;:&quot;-1&quot;,&quot;columns&quot;:3,&quot;rows&quot;:&quot;&quot;,&quot;orderby&quot;:&quot;&quot;,&quot;order&quot;:&quot;&quot;,&quot;ids&quot;:&quot;&quot;,&quot;skus&quot;:&quot;&quot;,&quot;category&quot;:&quot;&quot;,&quot;cat_operator&quot;:&quot;IN&quot;,&quot;attribute&quot;:&quot;&quot;,&quot;terms&quot;:&quot;&quot;,&quot;terms_operator&quot;:&quot;IN&quot;,&quot;tag&quot;:&quot;&quot;,&quot;tag_operator&quot;:&quot;IN&quot;,&quot;visibility&quot;:&quot;visible&quot;,&quot;class&quot;:&quot;&quot;,&quot;page&quot;:1,&quot;paginate&quot;:false,&quot;cache&quot;:false}\"><\/span><ul class=\"products columns-3\">\n<li class=\"product type-product post-18835 status-publish first instock product_cat-andere product_cat-andere-masnahmen product_cat-dekontamination product_cat-durch-uv-leds product_cat-efsen product_cat-eit20 product_cat-electron-beam-eb product_cat-excelitas product_cat-fds product_cat-fluoreszenz product_cat-gebrauchte-gerate product_cat-iie product_cat-jahrliche-kalibrierung product_cat-lichtleiter product_cat-lieferanten product_cat-luftgekuhlter-uv-led-trockner product_cat-messung-von-uv-lampen product_cat-neuheiten product_cat-unkategorisiert product_cat-omnicure product_cat-phoseon product_cat-pro-lampe product_cat-punktuelle-uv-quellen product_cat-sonderangebote product_cat-uv-industrie product_cat-uv-design product_cat-uv-forderer product_cat-uv-ausrustung product_cat-uv-kammern product_cat-uv-lampen product_cat-uv-led-messung product_cat-uv-leds-punktuell product_cat-uv-messung product_cat-stromversorgung-fur-die-lampe product_cat-wassergekuhlter-uv-led-trockner has-post-thumbnail featured shipping-taxable product-type-simple\">\n\t<a href=\"https:\/\/staging25.uvi-staging-2025.gvatec.ch\/de\/nos-produits\/beispiel-fuer-fabian-1-okt-2025-deutsch\/\" class=\"woocommerce-LoopProduct-link woocommerce-loop-product__link\"><img fetchpriority=\"high\" decoding=\"async\" width=\"300\" height=\"180\" src=\"https:\/\/staging25.uvi-staging-2025.gvatec.ch\/wp-content\/uploads\/2024\/03\/OM_ProductImage_OmniCure-S2000-Elite-1075x1095px-300x180.webp\" class=\"attachment-woocommerce_thumbnail size-woocommerce_thumbnail\" alt=\"Om Productimage Omnicure S2000 Elite 1075x1095px\" \/><h2 class=\"woocommerce-loop-product__title\">Beispiel f\u00fcr Fabian #1 &#8211; Okt 2025 &#8211; Franz\u00f6sisch<\/h2>\n<\/a><a href=\"https:\/\/staging25.uvi-staging-2025.gvatec.ch\/de\/nos-produits\/beispiel-fuer-fabian-1-okt-2025-deutsch\/\" aria-describedby=\"woocommerce_loop_add_to_cart_link_describedby_18835\" data-quantity=\"1\" class=\"button product_type_simple\" data-product_id=\"18835\" data-product_sku=\"Code fournisseur 100012000000-3\" aria-label=\"Lese mehr \u00fcber &#8222;Beispiel f\u00fcr Fabian #1 - Okt 2025 - Franz\u00f6sisch&#8220;\" rel=\"nofollow\" data-success_message=\"\">Weiterlesen<\/a>\t<span id=\"woocommerce_loop_add_to_cart_link_describedby_18835\" class=\"screen-reader-text\">\n\t\t\t<\/span>\n<\/li>\n<li class=\"product type-product post-19055 status-publish instock product_cat-andere product_cat-andere-masnahmen product_cat-dekontamination product_cat-durch-uv-leds product_cat-efsen product_cat-eit20 product_cat-electron-beam-eb product_cat-excelitas product_cat-fds product_cat-fluoreszenz product_cat-gebrauchte-gerate product_cat-iie product_cat-jahrliche-kalibrierung product_cat-lichtleiter product_cat-lieferanten product_cat-luftgekuhlter-uv-led-trockner product_cat-messung-von-uv-lampen product_cat-neuheiten product_cat-unkategorisiert product_cat-omnicure product_cat-phoseon product_cat-pro-lampe product_cat-punktuelle-uv-quellen product_cat-sonderangebote product_cat-uv-industrie product_cat-uv-design product_cat-uv-forderer product_cat-uv-ausrustung product_cat-uv-kammern product_cat-uv-lampen product_cat-uv-led-messung product_cat-uv-leds-punktuell product_cat-uv-messung product_cat-stromversorgung-fur-die-lampe product_cat-wassergekuhlter-uv-led-trockner has-post-thumbnail featured shipping-taxable product-type-simple\">\n\t<a href=\"https:\/\/staging25.uvi-staging-2025.gvatec.ch\/de\/nos-produits\/beispiel-fur-fabian-1-okt-2025-franzosisch-copie\/\" class=\"woocommerce-LoopProduct-link woocommerce-loop-product__link\"><img fetchpriority=\"high\" decoding=\"async\" width=\"300\" height=\"180\" src=\"https:\/\/staging25.uvi-staging-2025.gvatec.ch\/wp-content\/uploads\/2024\/03\/OM_ProductImage_OmniCure-S2000-Elite-1075x1095px-300x180.webp\" class=\"attachment-woocommerce_thumbnail size-woocommerce_thumbnail\" alt=\"Om Productimage Omnicure S2000 Elite 1075x1095px\" \/><h2 class=\"woocommerce-loop-product__title\">Beispiel f\u00fcr Fabian #1 &#8211; Okt 2025 &#8211; Franz\u00f6sisch (Copie)<\/h2>\n<\/a><a href=\"https:\/\/staging25.uvi-staging-2025.gvatec.ch\/de\/nos-produits\/beispiel-fur-fabian-1-okt-2025-franzosisch-copie\/\" aria-describedby=\"woocommerce_loop_add_to_cart_link_describedby_19055\" data-quantity=\"1\" class=\"button product_type_simple\" data-product_id=\"19055\" data-product_sku=\"Code fournisseur 100012000000-3-1\" aria-label=\"Lese mehr \u00fcber &#8222;Beispiel f\u00fcr Fabian #1 - Okt 2025 - Franz\u00f6sisch (Copie)&#8220;\" rel=\"nofollow\" data-success_message=\"\">Weiterlesen<\/a>\t<span id=\"woocommerce_loop_add_to_cart_link_describedby_19055\" class=\"screen-reader-text\">\n\t\t\t<\/span>\n<\/li>\n<li class=\"product type-product post-18730 status-publish last instock product_cat-non-classifiee has-post-thumbnail shipping-taxable product-type-simple\">\n\t<a href=\"https:\/\/staging25.uvi-staging-2025.gvatec.ch\/de\/nos-produits\/eit-powerpuck-ii-profiler\/\" class=\"woocommerce-LoopProduct-link woocommerce-loop-product__link\"><img decoding=\"async\" width=\"300\" height=\"180\" src=\"https:\/\/staging25.uvi-staging-2025.gvatec.ch\/wp-content\/uploads\/2024\/05\/EIT-Power-Puck-II-1-300x180.jpg\" class=\"attachment-woocommerce_thumbnail size-woocommerce_thumbnail\" alt=\"EIT - PowerPuck II Profiler\" \/><h2 class=\"woocommerce-loop-product__title\">EIT &#8211; PowerPuck II Profiler<\/h2>\n<\/a><a href=\"https:\/\/staging25.uvi-staging-2025.gvatec.ch\/de\/nos-produits\/eit-powerpuck-ii-profiler\/\" aria-describedby=\"woocommerce_loop_add_to_cart_link_describedby_18730\" data-quantity=\"1\" class=\"button product_type_simple\" data-product_id=\"18730\" data-product_sku=\"\" aria-label=\"Lese mehr \u00fcber &#8222;EIT - PowerPuck II Profiler&#8220;\" rel=\"nofollow\" data-success_message=\"\">Weiterlesen<\/a>\t<span id=\"woocommerce_loop_add_to_cart_link_describedby_18730\" class=\"screen-reader-text\">\n\t\t\t<\/span>\n<\/li>\n<li class=\"product type-product post-18759 status-publish first instock product_cat-non-classifiee has-post-thumbnail shipping-taxable product-type-simple\">\n\t<a href=\"https:\/\/staging25.uvi-staging-2025.gvatec.ch\/de\/nos-produits\/omnicure-plc1000\/\" class=\"woocommerce-LoopProduct-link woocommerce-loop-product__link\"><img decoding=\"async\" width=\"271\" height=\"180\" src=\"https:\/\/staging25.uvi-staging-2025.gvatec.ch\/wp-content\/uploads\/2024\/08\/OmniCure_PLC2000-271x180.jpg\" class=\"attachment-woocommerce_thumbnail size-woocommerce_thumbnail\" alt=\"OmniCure PLC1000\" \/><h2 class=\"woocommerce-loop-product__title\">OmniCure PLC1000<\/h2>\n<\/a><a href=\"https:\/\/staging25.uvi-staging-2025.gvatec.ch\/de\/nos-produits\/omnicure-plc1000\/\" aria-describedby=\"woocommerce_loop_add_to_cart_link_describedby_18759\" data-quantity=\"1\" class=\"button product_type_simple\" data-product_id=\"18759\" data-product_sku=\"\" aria-label=\"Lese mehr \u00fcber &#8222;OmniCure PLC1000&#8220;\" rel=\"nofollow\" data-success_message=\"\">Weiterlesen<\/a>\t<span id=\"woocommerce_loop_add_to_cart_link_describedby_18759\" class=\"screen-reader-text\">\n\t\t\t<\/span>\n<\/li>\n<li class=\"product type-product post-18633 status-publish instock product_cat-non-classifiee has-post-thumbnail shipping-taxable product-type-simple\">\n\t<a href=\"https:\/\/staging25.uvi-staging-2025.gvatec.ch\/de\/nos-produits\/omnicure-s2000-elite\/\" class=\"woocommerce-LoopProduct-link woocommerce-loop-product__link\"><img fetchpriority=\"high\" decoding=\"async\" width=\"300\" height=\"180\" src=\"https:\/\/staging25.uvi-staging-2025.gvatec.ch\/wp-content\/uploads\/2024\/03\/OM_ProductImage_OmniCure-S2000-Elite-1075x1095px-300x180.webp\" class=\"attachment-woocommerce_thumbnail size-woocommerce_thumbnail\" alt=\"Om Productimage Omnicure S2000 Elite 1075x1095px\" \/><h2 class=\"woocommerce-loop-product__title\">OmniCure S2000 Elite<\/h2>\n<\/a><a href=\"https:\/\/staging25.uvi-staging-2025.gvatec.ch\/de\/nos-produits\/omnicure-s2000-elite\/\" aria-describedby=\"woocommerce_loop_add_to_cart_link_describedby_18633\" data-quantity=\"1\" class=\"button product_type_simple\" data-product_id=\"18633\" data-product_sku=\"\" aria-label=\"Lese mehr \u00fcber &#8222;OmniCure S2000 Elite&#8220;\" rel=\"nofollow\" data-success_message=\"\">Weiterlesen<\/a>\t<span id=\"woocommerce_loop_add_to_cart_link_describedby_18633\" class=\"screen-reader-text\">\n\t\t\t<\/span>\n<\/li>\n<li class=\"product type-product post-18632 status-publish last instock product_cat-durch-uv-leds product_cat-luftgekuhlter-uv-led-trockner product_cat-omnicure product_cat-uv-ausrustung product_cat-stromversorgung-fur-die-lampe has-post-thumbnail featured shipping-taxable product-type-simple\">\n\t<a href=\"https:\/\/staging25.uvi-staging-2025.gvatec.ch\/de\/nos-produits\/omnicure-sc-ac-dc-netzteil\/\" class=\"woocommerce-LoopProduct-link woocommerce-loop-product__link\"><img loading=\"lazy\" decoding=\"async\" width=\"300\" height=\"180\" src=\"https:\/\/staging25.uvi-staging-2025.gvatec.ch\/wp-content\/uploads\/2024\/08\/OmniCure-SC-Serie-1-300x180.jpg\" class=\"attachment-woocommerce_thumbnail size-woocommerce_thumbnail\" alt=\"OmniCure SC AC\/DC-Netzteil\" \/><h2 class=\"woocommerce-loop-product__title\">OmniCure SC AC\/DC-Netzteil<\/h2>\n<\/a><a href=\"https:\/\/staging25.uvi-staging-2025.gvatec.ch\/de\/nos-produits\/omnicure-sc-ac-dc-netzteil\/\" aria-describedby=\"woocommerce_loop_add_to_cart_link_describedby_18632\" data-quantity=\"1\" class=\"button product_type_simple\" data-product_id=\"18632\" data-product_sku=\"Code fournisseur 100012000000-30\" aria-label=\"Lese mehr \u00fcber &#8222;OmniCure SC AC\/DC-Netzteil&#8220;\" rel=\"nofollow\" data-success_message=\"\">Weiterlesen<\/a>\t<span id=\"woocommerce_loop_add_to_cart_link_describedby_18632\" class=\"screen-reader-text\">\n\t\t\t<\/span>\n<\/li>\n<li class=\"product type-product post-18938 status-publish first instock product_cat-unkategorisiert featured shipping-taxable product-type-simple\">\n\t<a href=\"https:\/\/staging25.uvi-staging-2025.gvatec.ch\/de\/nos-produits\/produkttest-auf-franzoesisch-1\/\" class=\"woocommerce-LoopProduct-link woocommerce-loop-product__link\"><img loading=\"lazy\" decoding=\"async\" width=\"300\" height=\"180\" src=\"https:\/\/staging25.uvi-staging-2025.gvatec.ch\/wp-content\/uploads\/woocommerce-placeholder-300x180.png\" class=\"woocommerce-placeholder wp-post-image\" alt=\"Platzhalter\" \/><h2 class=\"woocommerce-loop-product__title\">Produkttest auf Franz\u00f6sisch &#8211; 1<\/h2>\n<\/a><a href=\"https:\/\/staging25.uvi-staging-2025.gvatec.ch\/de\/nos-produits\/produkttest-auf-franzoesisch-1\/\" aria-describedby=\"woocommerce_loop_add_to_cart_link_describedby_18938\" data-quantity=\"1\" class=\"button product_type_simple\" data-product_id=\"18938\" data-product_sku=\"0000000000000000000000001\" aria-label=\"Lese mehr \u00fcber &#8222;Produkttest auf Franz\u00f6sisch - 1&#8220;\" rel=\"nofollow\" data-success_message=\"\">Weiterlesen<\/a>\t<span id=\"woocommerce_loop_add_to_cart_link_describedby_18938\" class=\"screen-reader-text\">\n\t\t\t<\/span>\n<\/li>\n<\/ul>\n<\/div>\n","protected":false},"excerpt":{"rendered":"<p>Alle Produkte im Katalog &#8211; zeitweilige Seite Woocommerce-Referenzhttps:\/\/docs.woocommerce.com\/document\/woocommerce-shortcodes\/<\/p>\n","protected":false},"author":4,"featured_media":0,"parent":0,"menu_order":0,"comment_status":"closed","ping_status":"open","template":"","meta":{"footnotes":"","_wp_rev_ctl_limit":""},"class_list":["post-18356","page","type-page","status-publish","hentry"],"_links":{"self":[{"href":"https:\/\/staging25.uvi-staging-2025.gvatec.ch\/de\/wp-json\/wp\/v2\/pages\/18356","targetHints":{"allow":["GET"]}}],"collection":[{"href":"https:\/\/staging25.uvi-staging-2025.gvatec.ch\/de\/wp-json\/wp\/v2\/pages"}],"about":[{"href":"https:\/\/staging25.uvi-staging-2025.gvatec.ch\/de\/wp-json\/wp\/v2\/types\/page"}],"author":[{"embeddable":true,"href":"https:\/\/staging25.uvi-staging-2025.gvatec.ch\/de\/wp-json\/wp\/v2\/users\/4"}],"replies":[{"embeddable":true,"href":"https:\/\/staging25.uvi-staging-2025.gvatec.ch\/de\/wp-json\/wp\/v2\/comments?post=18356"}],"version-history":[{"count":0,"href":"https:\/\/staging25.uvi-staging-2025.gvatec.ch\/de\/wp-json\/wp\/v2\/pages\/18356\/revisions"}],"wp:attachment":[{"href":"https:\/\/staging25.uvi-staging-2025.gvatec.ch\/de\/wp-json\/wp\/v2\/media?parent=18356"}],"curies":[{"name":"wp","href":"https:\/\/api.w.org\/{rel}","templated":true}]}}