{"id":18354,"date":"2024-04-28T22:30:02","date_gmt":"2024-04-28T20:30:02","guid":{"rendered":"https:\/\/staging25.uvi-staging-2025.gvatec.ch\/unsere-produkte\/"},"modified":"2025-10-28T18:15:25","modified_gmt":"2025-10-28T17:15:25","slug":"unsere-produkte","status":"publish","type":"page","link":"https:\/\/staging25.uvi-staging-2025.gvatec.ch\/de\/unsere-produkte\/","title":{"rendered":"Unsere Produkte"},"content":{"rendered":"\t\t<div data-elementor-type=\"wp-page\" data-elementor-id=\"18354\" class=\"elementor elementor-18354 elementor-10322\" data-elementor-post-type=\"page\">\n\t\t\t\t<div class=\"elementor-element elementor-element-ae10e02 e-con-full e-flex e-con e-parent\" data-id=\"ae10e02\" data-element_type=\"container\" data-e-type=\"container\" data-settings=\"{&quot;background_background&quot;:&quot;classic&quot;}\">\n\t\t\t\t<div class=\"elementor-element elementor-element-8186af2 elementor-widget elementor-widget-spacer\" data-id=\"8186af2\" data-element_type=\"widget\" data-e-type=\"widget\" data-widget_type=\"spacer.default\">\n\t\t\t\t\t\t\t<div class=\"elementor-spacer\">\n\t\t\t<div class=\"elementor-spacer-inner\"><\/div>\n\t\t<\/div>\n\t\t\t\t\t\t<\/div>\n\t\t\t\t<div class=\"elementor-element elementor-element-d7e3956 elementor-widget elementor-widget-heading\" data-id=\"d7e3956\" data-element_type=\"widget\" data-e-type=\"widget\" data-widget_type=\"heading.default\">\n\t\t\t\t\t<h2 class=\"elementor-heading-title elementor-size-default\">UV-Ger\u00e4te f\u00fcr alle Ihre Bed\u00fcrfnisse<\/h2>\t\t\t\t<\/div>\n\t\t\t\t<div class=\"elementor-element elementor-element-984cb63 elementor-widget elementor-widget-spacer\" data-id=\"984cb63\" data-element_type=\"widget\" data-e-type=\"widget\" data-widget_type=\"spacer.default\">\n\t\t\t\t\t\t\t<div class=\"elementor-spacer\">\n\t\t\t<div class=\"elementor-spacer-inner\"><\/div>\n\t\t<\/div>\n\t\t\t\t\t\t<\/div>\n\t\t\t\t<div class=\"elementor-element elementor-element-d9cbbd7 elementor-widget elementor-widget-spacer\" data-id=\"d9cbbd7\" data-element_type=\"widget\" data-e-type=\"widget\" data-widget_type=\"spacer.default\">\n\t\t\t\t\t\t\t<div class=\"elementor-spacer\">\n\t\t\t<div class=\"elementor-spacer-inner\"><\/div>\n\t\t<\/div>\n\t\t\t\t\t\t<\/div>\n\t\t\t\t<div class=\"elementor-element elementor-element-80073e6 elementor-widget elementor-widget-text-editor\" data-id=\"80073e6\" data-element_type=\"widget\" data-e-type=\"widget\" data-widget_type=\"text-editor.default\">\n\t\t\t\t\t\t\t\t\t<p>Unsere breite Palette an UV-Ger\u00e4ten zur Aush\u00e4rtung von Druckfarben, Lacken, Schutzmitteln, Klebstoffen, &#8230; finden Sie unter<strong>&#8222;UV-Ger\u00e4te<\/strong>&#8222;.<\/p><p>Um diese Strahlung zu messen, gehen Sie auf<strong>&#8222;UV-Messungen<\/strong>&#8222;.<\/p><p><strong>&#8222;Neuheiten<\/strong>&#8220; pr\u00e4sentiert die neuesten Innovationen unserer Partner.<\/p><p> <strong>Unter &#8222;Sonstiges<\/strong>&#8220; finden Sie einige Ger\u00e4te, die Strahlung in anderen Wellenl\u00e4ngen als dem Ultraviolettbereich aussenden.<\/p><p>Wenn Sie wissen, wonach Sie suchen, k\u00f6nnen Sie unsere <strong>Suchfunktion<\/strong> nutzen.<\/p>\t\t\t\t\t\t\t\t<\/div>\n\t\t\t\t<\/div>\n\t\t<div class=\"elementor-element elementor-element-cb6dfdc e-flex e-con-boxed e-con e-parent\" data-id=\"cb6dfdc\" data-element_type=\"container\" data-e-type=\"container\">\n\t\t\t\t\t<div class=\"e-con-inner\">\n\t\t\t\t<div class=\"elementor-element elementor-element-56308bb elementor-search-form--skin-classic elementor-search-form--button-type-icon elementor-search-form--icon-search elementor-widget elementor-widget-search-form\" data-id=\"56308bb\" data-element_type=\"widget\" data-e-type=\"widget\" data-settings=\"{&quot;skin&quot;:&quot;classic&quot;}\" data-widget_type=\"search-form.default\">\n\t\t\t\t\t\t\t<search role=\"search\">\n\t\t\t<form class=\"elementor-search-form\" action=\"https:\/\/staging25.uvi-staging-2025.gvatec.ch\/de\/\" method=\"get\">\n\t\t\t\t\t\t\t\t\t\t\t\t<div class=\"elementor-search-form__container\">\n\t\t\t\t\t<label class=\"elementor-screen-only\" for=\"elementor-search-form-56308bb\">Suche<\/label>\n\n\t\t\t\t\t\n\t\t\t\t\t<input id=\"elementor-search-form-56308bb\" placeholder=\"Suchen ...\" class=\"elementor-search-form__input\" type=\"search\" name=\"s\" value=\"\" data-rlvlive=\"true true\">\n\t\t\t\t\t<input type='hidden' name='lang' value='de' \/>\n\t\t\t\t\t\t\t\t\t\t\t<button class=\"elementor-search-form__submit\" type=\"submit\" aria-label=\"Suche\">\n\t\t\t\t\t\t\t\t\t\t\t\t\t\t\t<div class=\"e-font-icon-svg-container\"><svg class=\"fa fa-search e-font-icon-svg e-fas-search\" viewBox=\"0 0 512 512\" xmlns=\"http:\/\/www.w3.org\/2000\/svg\"><path d=\"M505 442.7L405.3 343c-4.5-4.5-10.6-7-17-7H372c27.6-35.3 44-79.7 44-128C416 93.1 322.9 0 208 0S0 93.1 0 208s93.1 208 208 208c48.3 0 92.7-16.4 128-44v16.3c0 6.4 2.5 12.5 7 17l99.7 99.7c9.4 9.4 24.6 9.4 33.9 0l28.3-28.3c9.4-9.4 9.4-24.6.1-34zM208 336c-70.7 0-128-57.2-128-128 0-70.7 57.2-128 128-128 70.7 0 128 57.2 128 128 0 70.7-57.2 128-128 128z\"><\/path><\/svg><\/div>\t\t\t\t\t\t\t\t\t\t\t\t\t<\/button>\n\t\t\t\t\t\n\t\t\t\t\t\t\t\t\t<\/div>\n\t\t\t<\/form>\n\t\t<\/search>\n\t\t\t\t\t\t<\/div>\n\t\t\t\t\t<\/div>\n\t\t\t\t<\/div>\n\t\t<div class=\"elementor-element elementor-element-bb75a19 e-flex e-con-boxed e-con e-parent\" data-id=\"bb75a19\" data-element_type=\"container\" data-e-type=\"container\">\n\t\t\t\t\t<div class=\"e-con-inner\">\n\t\t\t\t<div class=\"elementor-element elementor-element-5751bec elementor-widget elementor-widget-spacer\" data-id=\"5751bec\" data-element_type=\"widget\" data-e-type=\"widget\" data-widget_type=\"spacer.default\">\n\t\t\t\t\t\t\t<div class=\"elementor-spacer\">\n\t\t\t<div class=\"elementor-spacer-inner\"><\/div>\n\t\t<\/div>\n\t\t\t\t\t\t<\/div>\n\t\t\t\t\t<\/div>\n\t\t\t\t<\/div>\n\t\t<div class=\"elementor-element elementor-element-e8b6441 e-flex e-con-boxed e-con e-parent\" data-id=\"e8b6441\" data-element_type=\"container\" data-e-type=\"container\">\n\t\t\t\t\t<div class=\"e-con-inner\">\n\t\t\t\t<div class=\"elementor-element elementor-element-c313bff elementor-widget elementor-widget-heading\" data-id=\"c313bff\" data-element_type=\"widget\" data-e-type=\"widget\" data-widget_type=\"heading.default\">\n\t\t\t\t\t<h2 class=\"elementor-heading-title elementor-size-default\">Hauptkategorien<\/h2>\t\t\t\t<\/div>\n\t\t\t\t<div class=\"elementor-element elementor-element-10f0a69 elementor-product-loop-item--align-center elementor-grid-4 elementor-grid-tablet-3 elementor-grid-mobile-2 elementor-products-grid elementor-wc-products elementor-widget elementor-widget-wc-categories\" data-id=\"10f0a69\" data-element_type=\"widget\" data-e-type=\"widget\" data-widget_type=\"wc-categories.default\">\n\t\t\t\t\t<div class=\"woocommerce columns-4\"><ul class=\"products elementor-grid columns-4\">\n<li class=\"product-category product first\">\n\t<a aria-label=\"Produktkategorie UV-Ger\u00e4te besuchen\" href=\"https:\/\/staging25.uvi-staging-2025.gvatec.ch\/de\/categorie-produit\/uv-ausrustung\/\"><img fetchpriority=\"high\" decoding=\"async\" src=\"https:\/\/staging25.uvi-staging-2025.gvatec.ch\/wp-content\/uploads\/woocommerce-placeholder-300x180.png\" alt=\"UV-Ger\u00e4te\" width=\"300\" height=\"180\" \/>\t\t<h2 class=\"woocommerce-loop-category__title\">\n\t\t\tUV-Ger\u00e4te <mark class=\"count\">(3)<\/mark>\t\t<\/h2>\n\t\t<\/a><\/li>\n<li class=\"product-category product\">\n\t<a aria-label=\"Produktkategorie UV-Messung besuchen\" href=\"https:\/\/staging25.uvi-staging-2025.gvatec.ch\/de\/categorie-produit\/uv-messung\/\"><img decoding=\"async\" src=\"https:\/\/staging25.uvi-staging-2025.gvatec.ch\/wp-content\/uploads\/woocommerce-placeholder-300x180.png\" alt=\"UV-Messung\" width=\"300\" height=\"180\" \/>\t\t<h2 class=\"woocommerce-loop-category__title\">\n\t\t\tUV-Messung <mark class=\"count\">(2)<\/mark>\t\t<\/h2>\n\t\t<\/a><\/li>\n<li class=\"product-category product\">\n\t<a aria-label=\"Produktkategorie UV Industrie besuchen\" href=\"https:\/\/staging25.uvi-staging-2025.gvatec.ch\/de\/categorie-produit\/uv-industrie\/\"><img decoding=\"async\" src=\"https:\/\/staging25.uvi-staging-2025.gvatec.ch\/wp-content\/uploads\/woocommerce-placeholder-300x180.png\" alt=\"UV Industrie\" width=\"300\" height=\"180\" \/>\t\t<h2 class=\"woocommerce-loop-category__title\">\n\t\t\tUV Industrie <mark class=\"count\">(2)<\/mark>\t\t<\/h2>\n\t\t<\/a><\/li>\n<li class=\"product-category product last\">\n\t<a aria-label=\"Produktkategorie Neuheiten besuchen\" href=\"https:\/\/staging25.uvi-staging-2025.gvatec.ch\/de\/categorie-produit\/neuheiten\/\"><img loading=\"lazy\" decoding=\"async\" src=\"https:\/\/staging25.uvi-staging-2025.gvatec.ch\/wp-content\/uploads\/woocommerce-placeholder-300x180.png\" alt=\"Neuheiten\" width=\"300\" height=\"180\" \/>\t\t<h2 class=\"woocommerce-loop-category__title\">\n\t\t\tNeuheiten <mark class=\"count\">(2)<\/mark>\t\t<\/h2>\n\t\t<\/a><\/li>\n<\/ul>\n<\/div>\t\t\t\t<\/div>\n\t\t\t\t\t<\/div>\n\t\t\t\t<\/div>\n\t\t<div class=\"elementor-element elementor-element-b9ce640 e-flex e-con-boxed e-con e-parent\" data-id=\"b9ce640\" data-element_type=\"container\" data-e-type=\"container\">\n\t\t\t\t\t<div class=\"e-con-inner\">\n\t\t\t\t<div class=\"elementor-element elementor-element-47d99a6 elementor-widget elementor-widget-heading\" data-id=\"47d99a6\" data-element_type=\"widget\" data-e-type=\"widget\" data-widget_type=\"heading.default\">\n\t\t\t\t\t<h2 class=\"elementor-heading-title elementor-size-default\">Wichtigste Lieferanten<\/h2>\t\t\t\t<\/div>\n\t\t\t\t<div class=\"elementor-element elementor-element-663f7eb elementor-product-loop-item--align-center elementor-grid-4 elementor-grid-tablet-3 elementor-grid-mobile-2 elementor-products-grid elementor-wc-products elementor-widget elementor-widget-wc-categories\" data-id=\"663f7eb\" data-element_type=\"widget\" data-e-type=\"widget\" data-widget_type=\"wc-categories.default\">\n\t\t\t\t\t<div class=\"woocommerce columns-4\"><ul class=\"products elementor-grid columns-4\">\n<li class=\"product-category product first\">\n\t<a aria-label=\"Produktkategorie Omnicure besuchen\" href=\"https:\/\/staging25.uvi-staging-2025.gvatec.ch\/de\/categorie-produit\/lieferanten\/omnicure\/\"><img loading=\"lazy\" decoding=\"async\" src=\"https:\/\/staging25.uvi-staging-2025.gvatec.ch\/wp-content\/uploads\/2025\/08\/omnicure-2025-300x180.jpg\" alt=\"Omnicure\" width=\"300\" height=\"180\" \/>\t\t<h2 class=\"woocommerce-loop-category__title\">\n\t\t\tOmnicure <mark class=\"count\">(3)<\/mark>\t\t<\/h2>\n\t\t<\/a><\/li>\n<li class=\"product-category product\">\n\t<a aria-label=\"Produktkategorie iie besuchen\" href=\"https:\/\/staging25.uvi-staging-2025.gvatec.ch\/de\/categorie-produit\/lieferanten\/iie\/\"><img loading=\"lazy\" decoding=\"async\" src=\"https:\/\/staging25.uvi-staging-2025.gvatec.ch\/wp-content\/uploads\/2025\/12\/iie-300x180.png\" alt=\"iie\" width=\"300\" height=\"180\" \/>\t\t<h2 class=\"woocommerce-loop-category__title\">\n\t\t\tiie <mark class=\"count\">(2)<\/mark>\t\t<\/h2>\n\t\t<\/a><\/li>\n<li class=\"product-category product\">\n\t<a aria-label=\"Produktkategorie UV-Design besuchen\" href=\"https:\/\/staging25.uvi-staging-2025.gvatec.ch\/de\/categorie-produit\/lieferanten\/uv-design\/\"><img loading=\"lazy\" decoding=\"async\" src=\"https:\/\/staging25.uvi-staging-2025.gvatec.ch\/wp-content\/uploads\/woocommerce-placeholder-300x180.png\" alt=\"UV-Design\" width=\"300\" height=\"180\" \/>\t\t<h2 class=\"woocommerce-loop-category__title\">\n\t\t\tUV-Design <mark class=\"count\">(2)<\/mark>\t\t<\/h2>\n\t\t<\/a><\/li>\n<li class=\"product-category product last\">\n\t<a aria-label=\"Produktkategorie Phoseon besuchen\" href=\"https:\/\/staging25.uvi-staging-2025.gvatec.ch\/de\/categorie-produit\/lieferanten\/phoseon\/\"><img loading=\"lazy\" decoding=\"async\" src=\"https:\/\/staging25.uvi-staging-2025.gvatec.ch\/wp-content\/uploads\/2025\/08\/phoseon-2025-300x180.jpg\" alt=\"Phoseon\" width=\"300\" height=\"180\" \/>\t\t<h2 class=\"woocommerce-loop-category__title\">\n\t\t\tPhoseon <mark class=\"count\">(2)<\/mark>\t\t<\/h2>\n\t\t<\/a><\/li>\n<li class=\"product-category product first\">\n\t<a aria-label=\"Produktkategorie FDS besuchen\" href=\"https:\/\/staging25.uvi-staging-2025.gvatec.ch\/de\/categorie-produit\/lieferanten\/fds\/\"><img loading=\"lazy\" decoding=\"async\" src=\"https:\/\/staging25.uvi-staging-2025.gvatec.ch\/wp-content\/uploads\/2024\/05\/fds-1-300x180.png\" alt=\"FDS\" width=\"300\" height=\"180\" \/>\t\t<h2 class=\"woocommerce-loop-category__title\">\n\t\t\tFDS <mark class=\"count\">(2)<\/mark>\t\t<\/h2>\n\t\t<\/a><\/li>\n<li class=\"product-category product\">\n\t<a aria-label=\"Produktkategorie Excelitas besuchen\" href=\"https:\/\/staging25.uvi-staging-2025.gvatec.ch\/de\/categorie-produit\/lieferanten\/excelitas\/\"><img loading=\"lazy\" decoding=\"async\" src=\"https:\/\/staging25.uvi-staging-2025.gvatec.ch\/wp-content\/uploads\/woocommerce-placeholder-300x180.png\" alt=\"Excelitas\" width=\"300\" height=\"180\" \/>\t\t<h2 class=\"woocommerce-loop-category__title\">\n\t\t\tExcelitas <mark class=\"count\">(2)<\/mark>\t\t<\/h2>\n\t\t<\/a><\/li>\n<li class=\"product-category product\">\n\t<a aria-label=\"Produktkategorie Efsen besuchen\" href=\"https:\/\/staging25.uvi-staging-2025.gvatec.ch\/de\/categorie-produit\/lieferanten\/efsen\/\"><img loading=\"lazy\" decoding=\"async\" src=\"https:\/\/staging25.uvi-staging-2025.gvatec.ch\/wp-content\/uploads\/2025\/08\/efsen-2025-300x180.jpg\" alt=\"Efsen\" width=\"300\" height=\"180\" \/>\t\t<h2 class=\"woocommerce-loop-category__title\">\n\t\t\tEfsen <mark class=\"count\">(2)<\/mark>\t\t<\/h2>\n\t\t<\/a><\/li>\n<li class=\"product-category product last\">\n\t<a aria-label=\"Produktkategorie EIT2.0 besuchen\" href=\"https:\/\/staging25.uvi-staging-2025.gvatec.ch\/de\/categorie-produit\/lieferanten\/eit20\/\"><img loading=\"lazy\" decoding=\"async\" src=\"https:\/\/staging25.uvi-staging-2025.gvatec.ch\/wp-content\/uploads\/woocommerce-placeholder-300x180.png\" alt=\"EIT2.0\" width=\"300\" height=\"180\" \/>\t\t<h2 class=\"woocommerce-loop-category__title\">\n\t\t\tEIT2.0 <mark class=\"count\">(2)<\/mark>\t\t<\/h2>\n\t\t<\/a><\/li>\n<\/ul>\n<\/div>\t\t\t\t<\/div>\n\t\t\t\t\t<\/div>\n\t\t\t\t<\/div>\n\t\t<div class=\"elementor-element elementor-element-2d3d2d9 e-flex e-con-boxed e-con e-parent\" data-id=\"2d3d2d9\" data-element_type=\"container\" data-e-type=\"container\">\n\t\t\t\t\t<div class=\"e-con-inner\">\n\t\t\t\t<div class=\"elementor-element elementor-element-58e7161 elementor-widget elementor-widget-spacer\" data-id=\"58e7161\" data-element_type=\"widget\" data-e-type=\"widget\" data-widget_type=\"spacer.default\">\n\t\t\t\t\t\t\t<div class=\"elementor-spacer\">\n\t\t\t<div class=\"elementor-spacer-inner\"><\/div>\n\t\t<\/div>\n\t\t\t\t\t\t<\/div>\n\t\t\t\t\t<\/div>\n\t\t\t\t<\/div>\n\t\t\t\t<\/div>\n\t\t","protected":false},"excerpt":{"rendered":"<p>UV-Ger\u00e4te f\u00fcr alle Ihre Bed\u00fcrfnisse Unsere breite Palette an UV-Ger\u00e4ten zur Aush\u00e4rtung von Druckfarben, Lacken, Schutzmitteln, Klebstoffen, &#8230; finden Sie unter&#8222;UV-Ger\u00e4te&#8222;. Um diese Strahlung zu messen, gehen Sie auf&#8222;UV-Messungen&#8222;. &#8222;Neuheiten&#8220; pr\u00e4sentiert die neuesten Innovationen unserer Partner. Unter &#8222;Sonstiges&#8220; finden Sie einige Ger\u00e4te, die Strahlung in anderen Wellenl\u00e4ngen als dem Ultraviolettbereich aussenden. Wenn Sie wissen, wonach [&hellip;]<\/p>\n","protected":false},"author":1,"featured_media":0,"parent":0,"menu_order":0,"comment_status":"closed","ping_status":"open","template":"","meta":{"footnotes":"","_wp_rev_ctl_limit":""},"class_list":["post-18354","page","type-page","status-publish","hentry"],"_links":{"self":[{"href":"https:\/\/staging25.uvi-staging-2025.gvatec.ch\/de\/wp-json\/wp\/v2\/pages\/18354","targetHints":{"allow":["GET"]}}],"collection":[{"href":"https:\/\/staging25.uvi-staging-2025.gvatec.ch\/de\/wp-json\/wp\/v2\/pages"}],"about":[{"href":"https:\/\/staging25.uvi-staging-2025.gvatec.ch\/de\/wp-json\/wp\/v2\/types\/page"}],"author":[{"embeddable":true,"href":"https:\/\/staging25.uvi-staging-2025.gvatec.ch\/de\/wp-json\/wp\/v2\/users\/1"}],"replies":[{"embeddable":true,"href":"https:\/\/staging25.uvi-staging-2025.gvatec.ch\/de\/wp-json\/wp\/v2\/comments?post=18354"}],"version-history":[{"count":3,"href":"https:\/\/staging25.uvi-staging-2025.gvatec.ch\/de\/wp-json\/wp\/v2\/pages\/18354\/revisions"}],"predecessor-version":[{"id":18950,"href":"https:\/\/staging25.uvi-staging-2025.gvatec.ch\/de\/wp-json\/wp\/v2\/pages\/18354\/revisions\/18950"}],"wp:attachment":[{"href":"https:\/\/staging25.uvi-staging-2025.gvatec.ch\/de\/wp-json\/wp\/v2\/media?parent=18354"}],"curies":[{"name":"wp","href":"https:\/\/api.w.org\/{rel}","templated":true}]}}