{"id":16225,"date":"2024-03-16T22:40:10","date_gmt":"2024-03-16T21:40:10","guid":{"rendered":"https:\/\/staging20.uvi-staging-2025.gvatec.ch\/?page_id=16225"},"modified":"2025-10-28T18:15:25","modified_gmt":"2025-10-28T17:15:25","slug":"partner","status":"publish","type":"page","link":"https:\/\/staging25.uvi-staging-2025.gvatec.ch\/de\/partner\/","title":{"rendered":"Partner"},"content":{"rendered":"\t\t<div data-elementor-type=\"wp-page\" data-elementor-id=\"16225\" class=\"elementor elementor-16225 elementor-60\" data-elementor-post-type=\"page\">\n\t\t\t\t<div class=\"elementor-element elementor-element-135ec1c e-flex e-con-boxed e-con e-parent\" data-id=\"135ec1c\" data-element_type=\"container\" data-e-type=\"container\">\n\t\t\t\t\t<div class=\"e-con-inner\">\n\t\t\t\t<div class=\"elementor-element elementor-element-b2b4b3c elementor-widget elementor-widget-spacer\" data-id=\"b2b4b3c\" data-element_type=\"widget\" data-e-type=\"widget\" data-widget_type=\"spacer.default\">\n\t\t\t\t\t\t\t<div class=\"elementor-spacer\">\n\t\t\t<div class=\"elementor-spacer-inner\"><\/div>\n\t\t<\/div>\n\t\t\t\t\t\t<\/div>\n\t\t\t\t\t<\/div>\n\t\t\t\t<\/div>\n\t\t<div class=\"elementor-element elementor-element-a3a34a7 e-con-full e-flex e-con e-parent\" data-id=\"a3a34a7\" data-element_type=\"container\" data-e-type=\"container\">\n\t\t<div class=\"elementor-element elementor-element-f19bc50 e-flex e-con-boxed e-con e-child\" data-id=\"f19bc50\" data-element_type=\"container\" data-e-type=\"container\">\n\t\t\t\t\t<div class=\"e-con-inner\">\n\t\t\t\t<div class=\"elementor-element elementor-element-9b71e19 elementor-widget elementor-widget-heading\" data-id=\"9b71e19\" data-element_type=\"widget\" data-e-type=\"widget\" data-widget_type=\"heading.default\">\n\t\t\t\t\t<h1 class=\"elementor-heading-title elementor-size-default\">Unsere Partner<\/h1>\t\t\t\t<\/div>\n\t\t\t\t<div class=\"elementor-element elementor-element-edf8cc1 elementor-widget elementor-widget-spacer\" data-id=\"edf8cc1\" data-element_type=\"widget\" data-e-type=\"widget\" data-widget_type=\"spacer.default\">\n\t\t\t\t\t\t\t<div class=\"elementor-spacer\">\n\t\t\t<div class=\"elementor-spacer-inner\"><\/div>\n\t\t<\/div>\n\t\t\t\t\t\t<\/div>\n\t\t\t\t\t<\/div>\n\t\t\t\t<\/div>\n\t\t\t\t<\/div>\n\t\t<div class=\"elementor-element elementor-element-3a78207 e-flex e-con-boxed e-con e-parent\" data-id=\"3a78207\" data-element_type=\"container\" data-e-type=\"container\">\n\t\t\t\t\t<div class=\"e-con-inner\">\n\t\t\t\t<div class=\"elementor-element elementor-element-1988b69 elementor-widget elementor-widget-spacer\" data-id=\"1988b69\" data-element_type=\"widget\" data-e-type=\"widget\" data-widget_type=\"spacer.default\">\n\t\t\t\t\t\t\t<div class=\"elementor-spacer\">\n\t\t\t<div class=\"elementor-spacer-inner\"><\/div>\n\t\t<\/div>\n\t\t\t\t\t\t<\/div>\n\t\t\t\t\t<\/div>\n\t\t\t\t<\/div>\n\t\t<div class=\"elementor-element elementor-element-f97fbfb e-grid e-con-boxed e-con e-parent\" data-id=\"f97fbfb\" data-element_type=\"container\" data-e-type=\"container\">\n\t\t\t\t\t<div class=\"e-con-inner\">\n\t\t\t\t<div class=\"elementor-element elementor-element-6b88585b elementor-widget__width-initial elementor-widget elementor-widget-text-editor\" data-id=\"6b88585b\" data-element_type=\"widget\" data-e-type=\"widget\" data-widget_type=\"text-editor.default\">\n\t\t\t\t\t\t\t\t\t<h1>EXCELITAS<\/h1><p>vertrieben seit<strong> 2013<\/strong><\/p><p>Die 2010 gegr\u00fcndete Gruppe Excelitas hat ihre historische Expertise in der Optoelektronik geerbt und b\u00fcndelt ihre wichtigsten technologischen Expertisen in den Sektoren<em> Life Sciences &amp; Medical, Advanced Industrial, Semiconductors, Aerospace &amp; Defense und<\/em> nun auch in dem Sektor, der uns interessiert: <strong><em>Specialty Illumination &amp; Detection.<\/em><\/strong>Hierzu geh\u00f6ren Spezialbeleuchtung<em>,<\/em> Detektion, Optik, Laser, UV, IR, unter anderem mit den Marken <strong>OmniCure<\/strong>, <strong>Phoseon<\/strong> und <strong>Noblelight<\/strong>. Die Gruppe bietet auch eine breite Palette von UV-Bestrahlungs- und Trocknungsl\u00f6sungen, von der UV-Punkt- bis zur Oberfl\u00e4chenh\u00e4rtung, einschlie\u00dflich LED- und UV-Lampentechnologien, um den Anforderungen von Klebstoffen, Beschichtungen, Tinten und speziellen industriellen Anwendungen gerecht zu werden. <\/p>\t\t\t\t\t\t\t\t<\/div>\n\t\t\t\t<div class=\"elementor-element elementor-element-f83691d elementor-widget elementor-widget-image\" data-id=\"f83691d\" data-element_type=\"widget\" data-e-type=\"widget\" data-widget_type=\"image.default\">\n\t\t\t\t\t\t\t\t\t\t\t\t\t\t\t\t<a href=\"https:\/\/staging25.uvi-staging-2025.gvatec.ch\/categorie-produit\/fournisseurs\/excelitas\/\">\n\t\t\t\t\t\t\t<img fetchpriority=\"high\" decoding=\"async\" width=\"360\" height=\"360\" src=\"https:\/\/staging25.uvi-staging-2025.gvatec.ch\/wp-content\/uploads\/2025\/08\/logo-excelitas-site-2025-2.jpg\" class=\"attachment-large size-large wp-image-14283\" alt=\"\" srcset=\"https:\/\/staging25.uvi-staging-2025.gvatec.ch\/wp-content\/uploads\/2025\/08\/logo-excelitas-site-2025-2.jpg 360w, https:\/\/staging25.uvi-staging-2025.gvatec.ch\/wp-content\/uploads\/2025\/08\/logo-excelitas-site-2025-2-300x300.jpg 300w, https:\/\/staging25.uvi-staging-2025.gvatec.ch\/wp-content\/uploads\/2025\/08\/logo-excelitas-site-2025-2-150x150.jpg 150w, https:\/\/staging25.uvi-staging-2025.gvatec.ch\/wp-content\/uploads\/2025\/08\/logo-excelitas-site-2025-2-100x100.jpg 100w\" sizes=\"(max-width: 360px) 100vw, 360px\" \/>\t\t\t\t\t\t\t\t<\/a>\n\t\t\t\t\t\t\t\t\t\t\t\t\t\t\t<\/div>\n\t\t\t\t<div class=\"elementor-element elementor-element-9eb203f elementor-widget__width-initial elementor-widget elementor-widget-text-editor\" data-id=\"9eb203f\" data-element_type=\"widget\" data-e-type=\"widget\" data-widget_type=\"text-editor.default\">\n\t\t\t\t\t\t\t\t\t<h1>OMNICURE<\/h1><p>vertrieben seit<strong> 1998<\/strong><\/p><p>Im Jahr 2013 erwarb Excelitas Lumen Dynamics, unseren <strong>kanadischen Partner seit 1998<\/strong>, der Experte f\u00fcr UV-Trocknungsl\u00f6sungen und Fluoreszenzbeleuchtung mit LEDs und Lampen ist, einschlie\u00dflich der bekannten Marke OmniCure\u00ae.<\/p><p>Die OmniCure-Produktreihe, die weiterhin in Toronto, Kanada, hergestellt wird, bietet eine <strong>gro\u00dfe Vielfalt an UV-Aush\u00e4rtungssystemen<\/strong> &#8211; Punkt- oder <strong>Oberfl\u00e4chenaush\u00e4rtung<\/strong>, LED oder Lampe &#8211; und zeichnet sich durch Zuverl\u00e4ssigkeit, Einfachheit und eine Vielzahl von Konfigurationen aus, um den unterschiedlichsten industriellen Anforderungen gerecht zu werden. Die Ger\u00e4te zeichnen sich durch eine <strong>gleichm\u00e4\u00dfige optische Leistung<\/strong>, hohe <strong>Energieeffizienz<\/strong> und eine lange Lebensdauer aus, insbesondere bei den LED-Modellen. <\/p><p>Die <strong>OmniCure UV-Punktstrahler<\/strong>, die f\u00fcr die gezielte Trocknung bei der Herstellung von medizinischen, elektronischen und optoelektronischen Ger\u00e4ten gesch\u00e4tzt werden, wo Pr\u00e4zision und Wiederholbarkeit entscheidend sind, werden st\u00e4ndig durch neue innovative Modelle erweitert.<\/p>\t\t\t\t\t\t\t\t<\/div>\n\t\t\t\t<div class=\"elementor-element elementor-element-508e919 elementor-widget elementor-widget-image\" data-id=\"508e919\" data-element_type=\"widget\" data-e-type=\"widget\" data-widget_type=\"image.default\">\n\t\t\t\t\t\t\t\t\t\t\t\t\t\t\t\t<a href=\"https:\/\/staging25.uvi-staging-2025.gvatec.ch\/categorie-produit\/fournisseurs\/omnicure\/\">\n\t\t\t\t\t\t\t<img decoding=\"async\" width=\"360\" height=\"360\" src=\"https:\/\/staging25.uvi-staging-2025.gvatec.ch\/wp-content\/uploads\/2025\/08\/omnicure-2025.jpg\" class=\"attachment-large size-large wp-image-14286\" alt=\"\" srcset=\"https:\/\/staging25.uvi-staging-2025.gvatec.ch\/wp-content\/uploads\/2025\/08\/omnicure-2025.jpg 360w, https:\/\/staging25.uvi-staging-2025.gvatec.ch\/wp-content\/uploads\/2025\/08\/omnicure-2025-300x300.jpg 300w, https:\/\/staging25.uvi-staging-2025.gvatec.ch\/wp-content\/uploads\/2025\/08\/omnicure-2025-150x150.jpg 150w, https:\/\/staging25.uvi-staging-2025.gvatec.ch\/wp-content\/uploads\/2025\/08\/omnicure-2025-100x100.jpg 100w\" sizes=\"(max-width: 360px) 100vw, 360px\" \/>\t\t\t\t\t\t\t\t<\/a>\n\t\t\t\t\t\t\t\t\t\t\t\t\t\t\t<\/div>\n\t\t\t\t<div class=\"elementor-element elementor-element-e1e5ec8 elementor-widget__width-initial elementor-widget elementor-widget-text-editor\" data-id=\"e1e5ec8\" data-element_type=\"widget\" data-e-type=\"widget\" data-widget_type=\"text-editor.default\">\n\t\t\t\t\t\t\t\t\t<h1>PHOSEON<\/h1><p>vertrieben seit <strong>2011<\/strong><\/p><p>Phoseon, das 2023 von Excelitas \u00fcbernommen wurde, ist der weltweite Spezialist f\u00fcr industrielle UV-LED-Trocknung mit leistungsstarken L\u00f6sungen f\u00fcr die Aush\u00e4rtung, Dekontamination und Desinfektion. Das Portfolio umfasst sowohl <strong>luftgek\u00fchlte UV-LED-Systeme<\/strong> &#8211; modular und mit hoher Bestrahlungsst\u00e4rke f\u00fcr eine schnelle und energiesparende Trocknung &#8211; als auch kompakte <strong>wassergek\u00fchlte Systeme<\/strong>, die f\u00fcr die anspruchsvollsten Umgebungen entwickelt wurden. <\/p><p>Mit \u00fcber 200.000 ausgelieferten Ger\u00e4ten steht Phoseon f\u00fcr Zuverl\u00e4ssigkeit und Leistung in der Druck- und Industriebranche, wobei die Ger\u00e4te eine hohe und gleichm\u00e4\u00dfige Bestrahlungsst\u00e4rke f\u00fcr schnelle Trocknungen liefern.<\/p>\t\t\t\t\t\t\t\t<\/div>\n\t\t\t\t<div class=\"elementor-element elementor-element-69f61ce elementor-widget elementor-widget-image\" data-id=\"69f61ce\" data-element_type=\"widget\" data-e-type=\"widget\" data-widget_type=\"image.default\">\n\t\t\t\t\t\t\t\t\t\t\t\t\t\t\t\t<a href=\"https:\/\/staging25.uvi-staging-2025.gvatec.ch\/categorie-produit\/fournisseurs\/phoseon\/\">\n\t\t\t\t\t\t\t<img decoding=\"async\" width=\"360\" height=\"360\" src=\"https:\/\/staging25.uvi-staging-2025.gvatec.ch\/wp-content\/uploads\/2025\/08\/phoseon-2025.jpg\" class=\"attachment-large size-large wp-image-14289\" alt=\"\" srcset=\"https:\/\/staging25.uvi-staging-2025.gvatec.ch\/wp-content\/uploads\/2025\/08\/phoseon-2025.jpg 360w, https:\/\/staging25.uvi-staging-2025.gvatec.ch\/wp-content\/uploads\/2025\/08\/phoseon-2025-300x300.jpg 300w, https:\/\/staging25.uvi-staging-2025.gvatec.ch\/wp-content\/uploads\/2025\/08\/phoseon-2025-150x150.jpg 150w, https:\/\/staging25.uvi-staging-2025.gvatec.ch\/wp-content\/uploads\/2025\/08\/phoseon-2025-100x100.jpg 100w\" sizes=\"(max-width: 360px) 100vw, 360px\" \/>\t\t\t\t\t\t\t\t<\/a>\n\t\t\t\t\t\t\t\t\t\t\t\t\t\t\t<\/div>\n\t\t\t\t<div class=\"elementor-element elementor-element-4908318 elementor-widget__width-initial elementor-widget elementor-widget-text-editor\" data-id=\"4908318\" data-element_type=\"widget\" data-e-type=\"widget\" data-widget_type=\"text-editor.default\">\n\t\t\t\t\t\t\t\t\t<h1>EIT2.0<\/h1><p>vertrieben seit<strong> 1995<\/strong><\/p><p>EIT2.0 ist seit 1986 ein <strong>weltweiter Spezialist f\u00fcr die Messung von UV-Strahlung<\/strong> zur Kontrolle von industriellen Prozessen und zur Unterst\u00fctzung der Entwicklung von Formulierungen in F&amp;E. Das Unternehmen entwickelt tragbare Radiometer und Online-Messsysteme f\u00fcr LED- und Quecksilberlampen, die in der Polymerisation, Desinfektion und Qualit\u00e4tskontrolle eingesetzt werden. <\/p><p>Mit mehr als 100.000 UV-Messger\u00e4ten in \u00fcber 50 L\u00e4ndern auf M\u00e4rkten wie Druck, Medizin, Elektronik und Luftfahrt ist EIT eine weltweite Referenz dank der kontinuierlichen Innovation und Zuverl\u00e4ssigkeit seiner Produkte, die die Robustheit garantieren, die von industriellen Prozessen gefordert wird, und die sich st\u00e4ndig an neue Technologien anpassen. Seit 2022 konzentriert sich EIT2.0 auf die Entwicklung neuer Radiometer, um die Produktpalette zu erweitern und den wachsenden Bedarf an UV-LEDs zu decken. <\/p>\t\t\t\t\t\t\t\t<\/div>\n\t\t\t\t<div class=\"elementor-element elementor-element-5c69615 elementor-widget elementor-widget-image\" data-id=\"5c69615\" data-element_type=\"widget\" data-e-type=\"widget\" data-widget_type=\"image.default\">\n\t\t\t\t\t\t\t\t\t\t\t\t\t\t\t\t<a href=\"https:\/\/staging25.uvi-staging-2025.gvatec.ch\/categorie-produit\/fournisseurs\/eit20\/\">\n\t\t\t\t\t\t\t<img loading=\"lazy\" decoding=\"async\" width=\"360\" height=\"360\" src=\"https:\/\/staging25.uvi-staging-2025.gvatec.ch\/wp-content\/uploads\/2024\/04\/eit2-0.png\" class=\"attachment-large size-large wp-image-940\" alt=\"Eit2 0\" srcset=\"https:\/\/staging25.uvi-staging-2025.gvatec.ch\/wp-content\/uploads\/2024\/04\/eit2-0.png 360w, https:\/\/staging25.uvi-staging-2025.gvatec.ch\/wp-content\/uploads\/2024\/04\/eit2-0-300x300.png 300w, https:\/\/staging25.uvi-staging-2025.gvatec.ch\/wp-content\/uploads\/2024\/04\/eit2-0-150x150.png 150w, https:\/\/staging25.uvi-staging-2025.gvatec.ch\/wp-content\/uploads\/2024\/04\/eit2-0-100x100.png 100w\" sizes=\"(max-width: 360px) 100vw, 360px\" \/>\t\t\t\t\t\t\t\t<\/a>\n\t\t\t\t\t\t\t\t\t\t\t\t\t\t\t<\/div>\n\t\t\t\t<div class=\"elementor-element elementor-element-e41c7ff elementor-widget__width-initial elementor-widget elementor-widget-text-editor\" data-id=\"e41c7ff\" data-element_type=\"widget\" data-e-type=\"widget\" data-widget_type=\"text-editor.default\">\n\t\t\t\t\t\t\t\t\t<h1>EFSEN<\/h1><p>Tellus integer feugiat scelerisque varius morbi enim nunc faucibus a. Lacus viverra vitae congue eu consequat. Fermentum et sollicitudin ac orci phasellus egestas tellus rutrum. Sit amet massa vitae tortor. Feugiat nisl pretium fusce id velit ut tortor. Nulla porttitor massa id neque aliquam vestibulum morbi blandit cursus. Dis parturient montes nascetur ridiculus mus mauris vitae ultricieses. Quis imperdiet massa tincidunt nunc pulvinar sapien et ligula ullamcorper. Aliquam id diam maecenas ultricies mi eget mauris pharetra et. Sagittis purus sit amet volutpat. In egestas erat imperdiet sed euismod nisi. Tincidunt lobortis feugiat vivamus at augue eget arcu. Amet justo donec enim diam vulputate ut pharetra sit. Maecenas sed enim ut sem viverra aliquet eget. Ac feugiat sed lectus vestibulum mattis ullamcorper velit sed ullamcorper. Odio tempor orci dapibus ultrices in iaculis nunc.               <\/p>\t\t\t\t\t\t\t\t<\/div>\n\t\t\t\t<div class=\"elementor-element elementor-element-894eb9a elementor-widget elementor-widget-image\" data-id=\"894eb9a\" data-element_type=\"widget\" data-e-type=\"widget\" data-widget_type=\"image.default\">\n\t\t\t\t\t\t\t\t\t\t\t\t\t\t\t\t<a href=\"https:\/\/staging25.uvi-staging-2025.gvatec.ch\/categorie-produit\/fournisseurs\/efsen\/\">\n\t\t\t\t\t\t\t<img decoding=\"async\" src=\"https:\/\/staging25.uvi-staging-2025.gvatec.ch\/wp-content\/uploads\/2024\/04\/efsen-1.png\" title=\"\" alt=\"\" loading=\"lazy\" \/>\t\t\t\t\t\t\t\t<\/a>\n\t\t\t\t\t\t\t\t\t\t\t\t\t\t\t<\/div>\n\t\t\t\t<div class=\"elementor-element elementor-element-06d2c0e elementor-widget__width-initial elementor-widget elementor-widget-text-editor\" data-id=\"06d2c0e\" data-element_type=\"widget\" data-e-type=\"widget\" data-widget_type=\"text-editor.default\">\n\t\t\t\t\t\t\t\t\t<h1>UV-DESIGN<\/h1><p>vertrieben seit <strong>2007<\/strong><\/p><p>Seit 1990 liefert UV-Design Standard- und kundenspezifische Ger\u00e4te zur pr\u00e4zisen Messung von UV-Strahlung. Als Hersteller von Messinstrumenten hat UV-Design schon immer hohe Leistung und Zuverl\u00e4ssigkeit mit Kosteneffizienz kombiniert. Die in Deutschland entwickelten und produzierten ma\u00dfgeschneiderten L\u00f6sungen werden unter anderem in der Druck-, Lebensmittel- und Halbleiterindustrie eingesetzt.  <\/p>\t\t\t\t\t\t\t\t<\/div>\n\t\t\t\t<div class=\"elementor-element elementor-element-282cec4 elementor-widget elementor-widget-image\" data-id=\"282cec4\" data-element_type=\"widget\" data-e-type=\"widget\" data-widget_type=\"image.default\">\n\t\t\t\t\t\t\t\t\t\t\t\t\t\t\t\t<a href=\"https:\/\/staging25.uvi-staging-2025.gvatec.ch\/categorie-produit\/fournisseurs\/uv-design\/\">\n\t\t\t\t\t\t\t<img loading=\"lazy\" decoding=\"async\" width=\"360\" height=\"360\" src=\"https:\/\/staging25.uvi-staging-2025.gvatec.ch\/wp-content\/uploads\/2025\/09\/uv-design.png\" class=\"attachment-large size-large wp-image-18316\" alt=\"\" srcset=\"https:\/\/staging25.uvi-staging-2025.gvatec.ch\/wp-content\/uploads\/2025\/09\/uv-design.png 360w, https:\/\/staging25.uvi-staging-2025.gvatec.ch\/wp-content\/uploads\/2025\/09\/uv-design-300x300.png 300w, https:\/\/staging25.uvi-staging-2025.gvatec.ch\/wp-content\/uploads\/2025\/09\/uv-design-150x150.png 150w, https:\/\/staging25.uvi-staging-2025.gvatec.ch\/wp-content\/uploads\/2025\/09\/uv-design-100x100.png 100w\" sizes=\"(max-width: 360px) 100vw, 360px\" \/>\t\t\t\t\t\t\t\t<\/a>\n\t\t\t\t\t\t\t\t\t\t\t\t\t\t\t<\/div>\n\t\t\t\t<div class=\"elementor-element elementor-element-b19b062 elementor-widget__width-initial elementor-widget elementor-widget-text-editor\" data-id=\"b19b062\" data-element_type=\"widget\" data-e-type=\"widget\" data-widget_type=\"text-editor.default\">\n\t\t\t\t\t\t\t\t\t<h1>FDS SA<\/h1><p>Seit 1994 hat sich Fast Drying Systems (FDS) als <strong>Experte f\u00fcr UV-Polymerisationsverfahren<\/strong> etabliert und unterst\u00fctzt seine Kunden weit \u00fcber die reine Kataloglieferung hinaus. FDS bietet ma\u00dfgeschneiderte L\u00f6sungen f\u00fcr die Trocknung (Polymerisation) von Druckfarben und Lacken, sowohl f\u00fcr die grafische Industrie, f\u00fcr Spezialmaschinen und deren Baugruppen als auch f\u00fcr Forschungs- und Entwicklungslabors. <\/p><p>FDS arbeitet mit bew\u00e4hrten Partnern zusammen, um ein komplettes Sortiment an UV-Ger\u00e4ten und UV-Messsystemen anbieten zu k\u00f6nnen, das die neuesten Technologien und die komplexesten Anforderungen abdeckt und eine pers\u00f6nliche Betreuung w\u00e4hrend des gesamten Projekts gew\u00e4hrleistet.<\/p>\t\t\t\t\t\t\t\t<\/div>\n\t\t\t\t<div class=\"elementor-element elementor-element-3178f3d elementor-widget elementor-widget-image\" data-id=\"3178f3d\" data-element_type=\"widget\" data-e-type=\"widget\" data-widget_type=\"image.default\">\n\t\t\t\t\t\t\t\t\t\t\t\t\t\t\t\t<a href=\"https:\/\/staging25.uvi-staging-2025.gvatec.ch\/categorie-produit\/fournisseurs\/fds\/\">\n\t\t\t\t\t\t\t<img loading=\"lazy\" decoding=\"async\" width=\"360\" height=\"360\" src=\"https:\/\/staging25.uvi-staging-2025.gvatec.ch\/wp-content\/uploads\/2024\/05\/fds-1.png\" class=\"attachment-large size-large wp-image-10843\" alt=\"\" srcset=\"https:\/\/staging25.uvi-staging-2025.gvatec.ch\/wp-content\/uploads\/2024\/05\/fds-1.png 360w, https:\/\/staging25.uvi-staging-2025.gvatec.ch\/wp-content\/uploads\/2024\/05\/fds-1-300x300.png 300w, https:\/\/staging25.uvi-staging-2025.gvatec.ch\/wp-content\/uploads\/2024\/05\/fds-1-150x150.png 150w, https:\/\/staging25.uvi-staging-2025.gvatec.ch\/wp-content\/uploads\/2024\/05\/fds-1-100x100.png 100w\" sizes=\"(max-width: 360px) 100vw, 360px\" \/>\t\t\t\t\t\t\t\t<\/a>\n\t\t\t\t\t\t\t\t\t\t\t\t\t\t\t<\/div>\n\t\t\t\t<div class=\"elementor-element elementor-element-ecd4d30 elementor-widget__width-initial elementor-widget elementor-widget-text-editor\" data-id=\"ecd4d30\" data-element_type=\"widget\" data-e-type=\"widget\" data-widget_type=\"text-editor.default\">\n\t\t\t\t\t\t\t\t\t<h1>iie<\/h1>\n<p>Seit 1994 hat sich Fast Drying Systems (FDS) als <strong>Experte f\u00fcr UV-Polymerisationsverfahren<\/strong> etabliert und unterst\u00fctzt seine Kunden weit \u00fcber die reine Kataloglieferung hinaus. FDS bietet ma\u00dfgeschneiderte L\u00f6sungen f\u00fcr die Trocknung (Polymerisation) von Druckfarben und Lacken, sowohl f\u00fcr die grafische Industrie, f\u00fcr Spezialmaschinen und deren Baugruppen als auch f\u00fcr Forschungs- und Entwicklungslabors. <\/p>\n<p>FDS arbeitet mit bew\u00e4hrten Partnern zusammen, um ein komplettes Sortiment an UV-Ger\u00e4ten und UV-Messsystemen anbieten zu k\u00f6nnen, das die neuesten Technologien und die komplexesten Anforderungen abdeckt und eine pers\u00f6nliche Betreuung w\u00e4hrend des gesamten Projekts gew\u00e4hrleistet.<\/p>\t\t\t\t\t\t\t\t<\/div>\n\t\t\t\t<div class=\"elementor-element elementor-element-dcf23bd elementor-widget elementor-widget-image\" data-id=\"dcf23bd\" data-element_type=\"widget\" data-e-type=\"widget\" data-widget_type=\"image.default\">\n\t\t\t\t\t\t\t\t\t\t\t\t\t\t\t\t<a href=\"https:\/\/staging25.uvi-staging-2025.gvatec.ch\/categorie-produit\/fournisseurs\/fds\/\">\n\t\t\t\t\t\t\t<img loading=\"lazy\" decoding=\"async\" width=\"360\" height=\"360\" src=\"https:\/\/staging25.uvi-staging-2025.gvatec.ch\/wp-content\/uploads\/2024\/05\/fds-1.png\" class=\"attachment-large size-large wp-image-10843\" alt=\"\" srcset=\"https:\/\/staging25.uvi-staging-2025.gvatec.ch\/wp-content\/uploads\/2024\/05\/fds-1.png 360w, https:\/\/staging25.uvi-staging-2025.gvatec.ch\/wp-content\/uploads\/2024\/05\/fds-1-300x300.png 300w, https:\/\/staging25.uvi-staging-2025.gvatec.ch\/wp-content\/uploads\/2024\/05\/fds-1-150x150.png 150w, https:\/\/staging25.uvi-staging-2025.gvatec.ch\/wp-content\/uploads\/2024\/05\/fds-1-100x100.png 100w\" sizes=\"(max-width: 360px) 100vw, 360px\" \/>\t\t\t\t\t\t\t\t<\/a>\n\t\t\t\t\t\t\t\t\t\t\t\t\t\t\t<\/div>\n\t\t<div class=\"elementor-element elementor-element-dd986ba e-con-full e-flex e-con e-child\" data-id=\"dd986ba\" data-element_type=\"container\" data-e-type=\"container\">\n\t\t\t\t<div class=\"elementor-element elementor-element-6d48911 elementor-widget elementor-widget-spacer\" data-id=\"6d48911\" data-element_type=\"widget\" data-e-type=\"widget\" data-widget_type=\"spacer.default\">\n\t\t\t\t\t\t\t<div class=\"elementor-spacer\">\n\t\t\t<div class=\"elementor-spacer-inner\"><\/div>\n\t\t<\/div>\n\t\t\t\t\t\t<\/div>\n\t\t\t\t<\/div>\n\t\t<div class=\"elementor-element elementor-element-76dc3d1 e-con-full e-flex e-con e-child\" data-id=\"76dc3d1\" data-element_type=\"container\" data-e-type=\"container\">\n\t\t\t\t<div class=\"elementor-element elementor-element-42a5a90 elementor-widget elementor-widget-spacer\" data-id=\"42a5a90\" data-element_type=\"widget\" data-e-type=\"widget\" data-widget_type=\"spacer.default\">\n\t\t\t\t\t\t\t<div class=\"elementor-spacer\">\n\t\t\t<div class=\"elementor-spacer-inner\"><\/div>\n\t\t<\/div>\n\t\t\t\t\t\t<\/div>\n\t\t\t\t<\/div>\n\t\t<div class=\"elementor-element elementor-element-1c2c015 e-con-full e-flex e-con e-child\" data-id=\"1c2c015\" data-element_type=\"container\" data-e-type=\"container\">\n\t\t\t\t<div class=\"elementor-element elementor-element-bd2f11f elementor-widget elementor-widget-spacer\" data-id=\"bd2f11f\" data-element_type=\"widget\" data-e-type=\"widget\" data-widget_type=\"spacer.default\">\n\t\t\t\t\t\t\t<div class=\"elementor-spacer\">\n\t\t\t<div class=\"elementor-spacer-inner\"><\/div>\n\t\t<\/div>\n\t\t\t\t\t\t<\/div>\n\t\t\t\t<\/div>\n\t\t\t\t\t<\/div>\n\t\t\t\t<\/div>\n\t\t<div class=\"elementor-element elementor-element-4f5fef9 e-flex e-con-boxed e-con e-parent\" data-id=\"4f5fef9\" data-element_type=\"container\" data-e-type=\"container\">\n\t\t\t\t\t<div class=\"e-con-inner\">\n\t\t\t\t<div class=\"elementor-element elementor-element-29e9511 elementor-widget elementor-widget-spacer\" data-id=\"29e9511\" data-element_type=\"widget\" data-e-type=\"widget\" data-widget_type=\"spacer.default\">\n\t\t\t\t\t\t\t<div class=\"elementor-spacer\">\n\t\t\t<div class=\"elementor-spacer-inner\"><\/div>\n\t\t<\/div>\n\t\t\t\t\t\t<\/div>\n\t\t\t\t\t<\/div>\n\t\t\t\t<\/div>\n\t\t\t\t<\/div>\n\t\t","protected":false},"excerpt":{"rendered":"<p>Unsere Partner EXCELITAS vertrieben seit 2013 Die 2010 gegr\u00fcndete Gruppe Excelitas hat ihre historische Expertise in der Optoelektronik geerbt und b\u00fcndelt ihre wichtigsten technologischen Expertisen in den Sektoren Life Sciences &amp; Medical, Advanced Industrial, Semiconductors, Aerospace &amp; Defense und nun auch in dem Sektor, der uns interessiert: Specialty Illumination &amp; Detection.Hierzu geh\u00f6ren Spezialbeleuchtung, Detektion, Optik, [&hellip;]<\/p>\n","protected":false},"author":1,"featured_media":0,"parent":0,"menu_order":0,"comment_status":"closed","ping_status":"closed","template":"elementor_header_footer","meta":{"footnotes":"","_wp_rev_ctl_limit":""},"class_list":["post-16225","page","type-page","status-publish","hentry"],"_links":{"self":[{"href":"https:\/\/staging25.uvi-staging-2025.gvatec.ch\/de\/wp-json\/wp\/v2\/pages\/16225","targetHints":{"allow":["GET"]}}],"collection":[{"href":"https:\/\/staging25.uvi-staging-2025.gvatec.ch\/de\/wp-json\/wp\/v2\/pages"}],"about":[{"href":"https:\/\/staging25.uvi-staging-2025.gvatec.ch\/de\/wp-json\/wp\/v2\/types\/page"}],"author":[{"embeddable":true,"href":"https:\/\/staging25.uvi-staging-2025.gvatec.ch\/de\/wp-json\/wp\/v2\/users\/1"}],"replies":[{"embeddable":true,"href":"https:\/\/staging25.uvi-staging-2025.gvatec.ch\/de\/wp-json\/wp\/v2\/comments?post=16225"}],"version-history":[{"count":5,"href":"https:\/\/staging25.uvi-staging-2025.gvatec.ch\/de\/wp-json\/wp\/v2\/pages\/16225\/revisions"}],"predecessor-version":[{"id":18951,"href":"https:\/\/staging25.uvi-staging-2025.gvatec.ch\/de\/wp-json\/wp\/v2\/pages\/16225\/revisions\/18951"}],"wp:attachment":[{"href":"https:\/\/staging25.uvi-staging-2025.gvatec.ch\/de\/wp-json\/wp\/v2\/media?parent=16225"}],"curies":[{"name":"wp","href":"https:\/\/api.w.org\/{rel}","templated":true}]}}